{"id":79,"date":"2024-04-30T08:55:49","date_gmt":"2024-04-30T06:55:49","guid":{"rendered":"https:\/\/deiteldirect.es\/?page_id=79"},"modified":"2024-04-30T11:04:19","modified_gmt":"2024-04-30T09:04:19","slug":"contacto","status":"publish","type":"page","link":"https:\/\/deiteldirect.es\/es\/contacto\/","title":{"rendered":"Contacto"},"content":{"rendered":"\n<div class=\"wp-block-cover alignfull is-light is-layout-constrained wp-block-cover-is-layout-constrained\"><span aria-hidden=\"true\" class=\"wp-block-cover__background has-background-dim\" style=\"background-color:#84827f\"><\/span><img loading=\"lazy\" decoding=\"async\" width=\"2000\" height=\"1333\" src=\"https:\/\/deiteldirect.es\/wp-content\/uploads\/2024\/02\/berkeley-communications-WEDDt-u3q3o-unsplash.jpg\" class=\"wp-block-cover__image-background wp-post-image\" alt=\"\" data-object-fit=\"cover\" srcset=\"https:\/\/deiteldirect.es\/wp-content\/uploads\/2024\/02\/berkeley-communications-WEDDt-u3q3o-unsplash.jpg 2000w, https:\/\/deiteldirect.es\/wp-content\/uploads\/2024\/02\/berkeley-communications-WEDDt-u3q3o-unsplash-300x200.jpg 300w, https:\/\/deiteldirect.es\/wp-content\/uploads\/2024\/02\/berkeley-communications-WEDDt-u3q3o-unsplash-1024x682.jpg 1024w, https:\/\/deiteldirect.es\/wp-content\/uploads\/2024\/02\/berkeley-communications-WEDDt-u3q3o-unsplash-768x512.jpg 768w, https:\/\/deiteldirect.es\/wp-content\/uploads\/2024\/02\/berkeley-communications-WEDDt-u3q3o-unsplash-1536x1024.jpg 1536w\" sizes=\"auto, (max-width: 2000px) 100vw, 2000px\" \/><div class=\"wp-block-cover__inner-container\"><\/div><\/div>\n\n\n\n<div class=\"wp-block-columns alignwide is-layout-flex wp-container-core-columns-is-layout-023e1c93 wp-block-columns-is-layout-flex\" style=\"margin-top:0;margin-bottom:0;padding-top:var(--wp--preset--spacing--80);padding-bottom:var(--wp--preset--spacing--80)\">\n<div class=\"wp-block-column is-layout-flow wp-block-column-is-layout-flow\" style=\"flex-basis:33.33%\">\n<p><strong>DEITEL DIRECT<\/strong><\/p>\n\n\n\n<p>Portuetxe 53, oficina 316 (Ed. Beiza) <br>20018 Donostia-San Sebasti\u00e1n<\/p>\n\n\n\n<p>943 293 422<br>admi@deiteldirect.es<\/p>\n<\/div>\n\n\n\n<div class=\"wp-block-column is-layout-flow wp-block-column-is-layout-flow\" style=\"flex-basis:66.66%\">\n<div class=\"wp-block-contact-form-7-contact-form-selector trabaja-con-nosotros\">\n<div class=\"wpcf7 no-js\" id=\"wpcf7-f44-o1\" lang=\"es-ES\" dir=\"ltr\" data-wpcf7-id=\"44\">\n<div class=\"screen-reader-response\"><p role=\"status\" aria-live=\"polite\" aria-atomic=\"true\"><\/p> <ul><\/ul><\/div>\n<form action=\"\/es\/wp-json\/wp\/v2\/pages\/79#wpcf7-f44-o1\" method=\"post\" class=\"wpcf7-form init\" aria-label=\"Formulario de contacto\" novalidate=\"novalidate\" data-status=\"init\">\n<div style=\"display: none;\">\n<input type=\"hidden\" name=\"_wpcf7\" value=\"44\" \/>\n<input type=\"hidden\" name=\"_wpcf7_version\" value=\"6.0.1\" \/>\n<input type=\"hidden\" name=\"_wpcf7_locale\" value=\"es_ES\" \/>\n<input type=\"hidden\" name=\"_wpcf7_unit_tag\" value=\"wpcf7-f44-o1\" \/>\n<input type=\"hidden\" name=\"_wpcf7_container_post\" value=\"0\" \/>\n<input type=\"hidden\" name=\"_wpcf7_posted_data_hash\" value=\"\" \/>\n<input type=\"hidden\" name=\"_wpcf7_recaptcha_response\" value=\"\" \/>\n<\/div>\n<p><label> Tu nombre<br \/>\n<input size=\"40\" maxlength=\"400\" class=\"wpcf7-form-control wpcf7-text wpcf7-validates-as-required\" autocomplete=\"name\" aria-required=\"true\" aria-invalid=\"false\" value=\"\" type=\"text\" name=\"your-name\" \/> <\/label>\n<\/p>\n<p><label> Tu correo electr\u00f3nico<br \/>\n<input size=\"40\" maxlength=\"400\" class=\"wpcf7-form-control wpcf7-email wpcf7-validates-as-required wpcf7-text wpcf7-validates-as-email\" autocomplete=\"email\" aria-required=\"true\" aria-invalid=\"false\" value=\"\" type=\"email\" name=\"your-email\" \/> <\/label>\n<\/p>\n<p><label> Tel\u00e9fono<br \/>\n<input size=\"40\" maxlength=\"400\" class=\"wpcf7-form-control wpcf7-text wpcf7-validates-as-required\" aria-required=\"true\" aria-invalid=\"false\" value=\"\" type=\"text\" name=\"your-phone\" \/> <\/label>\n<\/p>\n<p><label> Tu mensaje (opcional)<br \/>\n<textarea cols=\"40\" rows=\"10\" maxlength=\"2000\" class=\"wpcf7-form-control wpcf7-textarea\" aria-invalid=\"false\" name=\"your-message\"><\/textarea> <\/label>\n<\/p>\n<p>DEITEL DIRECT, S.L., como responsable del tratamiento, le informa que sus datos son recabados con la finalidad de atender las consultas realizadas. Cualquier persona tiene derecho a solicitar el acceso, rectificaci\u00f3n, supresi\u00f3n, limitaci\u00f3n del tratamiento, oposici\u00f3n o derecho a la portabilidad de sus datos personales, escribi\u00e9ndonos a la direcci\u00f3n de nuestras oficinas, o enviando un correo electr\u00f3nico a admi@deiteldirect.es, indicando el derecho que desea ejercer. Puede obtener informaci\u00f3n adicional en la Pol\u00edtica de Privacidad de nuestra p\u00e1gina web.\n<\/p>\n<p><input class=\"wpcf7-form-control wpcf7-submit has-spinner\" type=\"submit\" value=\"Enviar\" \/>\n<\/p><div class=\"wpcf7-response-output\" aria-hidden=\"true\"><\/div>\n<\/form>\n<\/div>\n<\/div>\n<\/div>\n<\/div>\n","protected":false},"excerpt":{"rendered":"<p>DEITEL DIRECT Portuetxe 53, oficina 316 (Ed. Beiza) 20018 Donostia-San Sebasti\u00e1n 943 293 422admi@deiteldirect.es<\/p>\n","protected":false},"author":1,"featured_media":18,"parent":0,"menu_order":0,"comment_status":"closed","ping_status":"closed","template":"","meta":{"_acf_changed":false,"footnotes":""},"class_list":["post-79","page","type-page","status-publish","has-post-thumbnail","hentry"],"acf":[],"yoast_head":"<!-- This site is optimized with the Yoast SEO plugin v24.8.1 - https:\/\/yoast.com\/wordpress\/plugins\/seo\/ -->\n<title>Contacto - Deitel Direct<\/title>\n<meta name=\"robots\" content=\"index, follow, max-snippet:-1, max-image-preview:large, max-video-preview:-1\" \/>\n<link rel=\"canonical\" href=\"https:\/\/deiteldirect.es\/es\/contacto\/\" \/>\n<meta property=\"og:locale\" content=\"es_ES\" \/>\n<meta property=\"og:type\" content=\"article\" \/>\n<meta property=\"og:title\" content=\"Contacto - Deitel Direct\" \/>\n<meta property=\"og:description\" content=\"DEITEL DIRECT Portuetxe 53, oficina 316 (Ed. Beiza) 20018 Donostia-San Sebasti\u00e1n 943 293 422admi@deiteldirect.es\" \/>\n<meta property=\"og:url\" content=\"https:\/\/deiteldirect.es\/es\/contacto\/\" \/>\n<meta property=\"og:site_name\" content=\"Deitel Direct\" \/>\n<meta property=\"article:modified_time\" content=\"2024-04-30T09:04:19+00:00\" \/>\n<meta property=\"og:image\" content=\"https:\/\/deiteldirect.es\/wp-content\/uploads\/2024\/02\/berkeley-communications-WEDDt-u3q3o-unsplash.jpg\" \/>\n\t<meta property=\"og:image:width\" content=\"2000\" \/>\n\t<meta property=\"og:image:height\" content=\"1333\" \/>\n\t<meta property=\"og:image:type\" content=\"image\/jpeg\" \/>\n<meta name=\"twitter:card\" content=\"summary_large_image\" \/>\n<script type=\"application\/ld+json\" class=\"yoast-schema-graph\">{\"@context\":\"https:\/\/schema.org\",\"@graph\":[{\"@type\":\"WebPage\",\"@id\":\"https:\/\/deiteldirect.es\/es\/contacto\/\",\"url\":\"https:\/\/deiteldirect.es\/es\/contacto\/\",\"name\":\"Contacto - Deitel Direct\",\"isPartOf\":{\"@id\":\"https:\/\/deiteldirect.es\/es\/#website\"},\"primaryImageOfPage\":{\"@id\":\"https:\/\/deiteldirect.es\/es\/contacto\/#primaryimage\"},\"image\":{\"@id\":\"https:\/\/deiteldirect.es\/es\/contacto\/#primaryimage\"},\"thumbnailUrl\":\"https:\/\/deiteldirect.es\/wp-content\/uploads\/2024\/02\/berkeley-communications-WEDDt-u3q3o-unsplash.jpg\",\"datePublished\":\"2024-04-30T06:55:49+00:00\",\"dateModified\":\"2024-04-30T09:04:19+00:00\",\"breadcrumb\":{\"@id\":\"https:\/\/deiteldirect.es\/es\/contacto\/#breadcrumb\"},\"inLanguage\":\"es\",\"potentialAction\":[{\"@type\":\"ReadAction\",\"target\":[\"https:\/\/deiteldirect.es\/es\/contacto\/\"]}]},{\"@type\":\"ImageObject\",\"inLanguage\":\"es\",\"@id\":\"https:\/\/deiteldirect.es\/es\/contacto\/#primaryimage\",\"url\":\"https:\/\/deiteldirect.es\/wp-content\/uploads\/2024\/02\/berkeley-communications-WEDDt-u3q3o-unsplash.jpg\",\"contentUrl\":\"https:\/\/deiteldirect.es\/wp-content\/uploads\/2024\/02\/berkeley-communications-WEDDt-u3q3o-unsplash.jpg\",\"width\":2000,\"height\":1333},{\"@type\":\"BreadcrumbList\",\"@id\":\"https:\/\/deiteldirect.es\/es\/contacto\/#breadcrumb\",\"itemListElement\":[{\"@type\":\"ListItem\",\"position\":1,\"name\":\"Portada\",\"item\":\"https:\/\/deiteldirect.es\/es\/\"},{\"@type\":\"ListItem\",\"position\":2,\"name\":\"Contacto\"}]},{\"@type\":\"WebSite\",\"@id\":\"https:\/\/deiteldirect.es\/es\/#website\",\"url\":\"https:\/\/deiteldirect.es\/es\/\",\"name\":\"Deitel Direct\",\"description\":\"\",\"publisher\":{\"@id\":\"https:\/\/deiteldirect.es\/es\/#organization\"},\"potentialAction\":[{\"@type\":\"SearchAction\",\"target\":{\"@type\":\"EntryPoint\",\"urlTemplate\":\"https:\/\/deiteldirect.es\/es\/?s={search_term_string}\"},\"query-input\":{\"@type\":\"PropertyValueSpecification\",\"valueRequired\":true,\"valueName\":\"search_term_string\"}}],\"inLanguage\":\"es\"},{\"@type\":\"Organization\",\"@id\":\"https:\/\/deiteldirect.es\/es\/#organization\",\"name\":\"Deitel Direct\",\"url\":\"https:\/\/deiteldirect.es\/es\/\",\"logo\":{\"@type\":\"ImageObject\",\"inLanguage\":\"es\",\"@id\":\"https:\/\/deiteldirect.es\/es\/#\/schema\/logo\/image\/\",\"url\":\"https:\/\/deiteldirect.es\/wp-content\/uploads\/2024\/05\/logo.png\",\"contentUrl\":\"https:\/\/deiteldirect.es\/wp-content\/uploads\/2024\/05\/logo.png\",\"width\":1286,\"height\":1286,\"caption\":\"Deitel Direct\"},\"image\":{\"@id\":\"https:\/\/deiteldirect.es\/es\/#\/schema\/logo\/image\/\"},\"sameAs\":[\"https:\/\/www.instagram.com\/deitel.direct\/\",\"https:\/\/es.linkedin.com\/company\/deitel-direct\"]}]}<\/script>\n<!-- \/ Yoast SEO plugin. -->","yoast_head_json":{"title":"Contacto - Deitel Direct","robots":{"index":"index","follow":"follow","max-snippet":"max-snippet:-1","max-image-preview":"max-image-preview:large","max-video-preview":"max-video-preview:-1"},"canonical":"https:\/\/deiteldirect.es\/es\/contacto\/","og_locale":"es_ES","og_type":"article","og_title":"Contacto - Deitel Direct","og_description":"DEITEL DIRECT Portuetxe 53, oficina 316 (Ed. Beiza) 20018 Donostia-San Sebasti\u00e1n 943 293 422admi@deiteldirect.es","og_url":"https:\/\/deiteldirect.es\/es\/contacto\/","og_site_name":"Deitel Direct","article_modified_time":"2024-04-30T09:04:19+00:00","og_image":[{"width":2000,"height":1333,"url":"https:\/\/deiteldirect.es\/wp-content\/uploads\/2024\/02\/berkeley-communications-WEDDt-u3q3o-unsplash.jpg","type":"image\/jpeg"}],"twitter_card":"summary_large_image","schema":{"@context":"https:\/\/schema.org","@graph":[{"@type":"WebPage","@id":"https:\/\/deiteldirect.es\/es\/contacto\/","url":"https:\/\/deiteldirect.es\/es\/contacto\/","name":"Contacto - Deitel Direct","isPartOf":{"@id":"https:\/\/deiteldirect.es\/es\/#website"},"primaryImageOfPage":{"@id":"https:\/\/deiteldirect.es\/es\/contacto\/#primaryimage"},"image":{"@id":"https:\/\/deiteldirect.es\/es\/contacto\/#primaryimage"},"thumbnailUrl":"https:\/\/deiteldirect.es\/wp-content\/uploads\/2024\/02\/berkeley-communications-WEDDt-u3q3o-unsplash.jpg","datePublished":"2024-04-30T06:55:49+00:00","dateModified":"2024-04-30T09:04:19+00:00","breadcrumb":{"@id":"https:\/\/deiteldirect.es\/es\/contacto\/#breadcrumb"},"inLanguage":"es","potentialAction":[{"@type":"ReadAction","target":["https:\/\/deiteldirect.es\/es\/contacto\/"]}]},{"@type":"ImageObject","inLanguage":"es","@id":"https:\/\/deiteldirect.es\/es\/contacto\/#primaryimage","url":"https:\/\/deiteldirect.es\/wp-content\/uploads\/2024\/02\/berkeley-communications-WEDDt-u3q3o-unsplash.jpg","contentUrl":"https:\/\/deiteldirect.es\/wp-content\/uploads\/2024\/02\/berkeley-communications-WEDDt-u3q3o-unsplash.jpg","width":2000,"height":1333},{"@type":"BreadcrumbList","@id":"https:\/\/deiteldirect.es\/es\/contacto\/#breadcrumb","itemListElement":[{"@type":"ListItem","position":1,"name":"Portada","item":"https:\/\/deiteldirect.es\/es\/"},{"@type":"ListItem","position":2,"name":"Contacto"}]},{"@type":"WebSite","@id":"https:\/\/deiteldirect.es\/es\/#website","url":"https:\/\/deiteldirect.es\/es\/","name":"Deitel Direct","description":"","publisher":{"@id":"https:\/\/deiteldirect.es\/es\/#organization"},"potentialAction":[{"@type":"SearchAction","target":{"@type":"EntryPoint","urlTemplate":"https:\/\/deiteldirect.es\/es\/?s={search_term_string}"},"query-input":{"@type":"PropertyValueSpecification","valueRequired":true,"valueName":"search_term_string"}}],"inLanguage":"es"},{"@type":"Organization","@id":"https:\/\/deiteldirect.es\/es\/#organization","name":"Deitel Direct","url":"https:\/\/deiteldirect.es\/es\/","logo":{"@type":"ImageObject","inLanguage":"es","@id":"https:\/\/deiteldirect.es\/es\/#\/schema\/logo\/image\/","url":"https:\/\/deiteldirect.es\/wp-content\/uploads\/2024\/05\/logo.png","contentUrl":"https:\/\/deiteldirect.es\/wp-content\/uploads\/2024\/05\/logo.png","width":1286,"height":1286,"caption":"Deitel Direct"},"image":{"@id":"https:\/\/deiteldirect.es\/es\/#\/schema\/logo\/image\/"},"sameAs":["https:\/\/www.instagram.com\/deitel.direct\/","https:\/\/es.linkedin.com\/company\/deitel-direct"]}]}},"_links":{"self":[{"href":"https:\/\/deiteldirect.es\/es\/wp-json\/wp\/v2\/pages\/79","targetHints":{"allow":["GET"]}}],"collection":[{"href":"https:\/\/deiteldirect.es\/es\/wp-json\/wp\/v2\/pages"}],"about":[{"href":"https:\/\/deiteldirect.es\/es\/wp-json\/wp\/v2\/types\/page"}],"author":[{"embeddable":true,"href":"https:\/\/deiteldirect.es\/es\/wp-json\/wp\/v2\/users\/1"}],"replies":[{"embeddable":true,"href":"https:\/\/deiteldirect.es\/es\/wp-json\/wp\/v2\/comments?post=79"}],"version-history":[{"count":10,"href":"https:\/\/deiteldirect.es\/es\/wp-json\/wp\/v2\/pages\/79\/revisions"}],"predecessor-version":[{"id":120,"href":"https:\/\/deiteldirect.es\/es\/wp-json\/wp\/v2\/pages\/79\/revisions\/120"}],"wp:featuredmedia":[{"embeddable":true,"href":"https:\/\/deiteldirect.es\/es\/wp-json\/wp\/v2\/media\/18"}],"wp:attachment":[{"href":"https:\/\/deiteldirect.es\/es\/wp-json\/wp\/v2\/media?parent=79"}],"curies":[{"name":"wp","href":"https:\/\/api.w.org\/{rel}","templated":true}]}}