{"id":69,"date":"2024-04-30T08:50:50","date_gmt":"2024-04-30T06:50:50","guid":{"rendered":"https:\/\/deiteldirect.es\/?page_id=69"},"modified":"2024-05-03T14:58:37","modified_gmt":"2024-05-03T12:58:37","slug":"estudios-de-opinion","status":"publish","type":"page","link":"https:\/\/deiteldirect.es\/es\/servicios\/estudios-de-opinion\/","title":{"rendered":"Estudios de opini\u00f3n"},"content":{"rendered":"\n<div class=\"wp-block-cover alignfull\" style=\"margin-bottom:var(--wp--preset--spacing--80)\"><span aria-hidden=\"true\" class=\"wp-block-cover__background has-background-dim\" style=\"background-color:#595754\"><\/span><img loading=\"lazy\" decoding=\"async\" width=\"2500\" height=\"1406\" src=\"https:\/\/deiteldirect.es\/wp-content\/uploads\/2024\/05\/deitel-1471444483-1.jpg\" class=\"wp-block-cover__image-background wp-post-image\" alt=\"\" data-object-fit=\"cover\" srcset=\"https:\/\/deiteldirect.es\/wp-content\/uploads\/2024\/05\/deitel-1471444483-1.jpg 2500w, https:\/\/deiteldirect.es\/wp-content\/uploads\/2024\/05\/deitel-1471444483-1-300x169.jpg 300w, https:\/\/deiteldirect.es\/wp-content\/uploads\/2024\/05\/deitel-1471444483-1-1024x576.jpg 1024w, https:\/\/deiteldirect.es\/wp-content\/uploads\/2024\/05\/deitel-1471444483-1-768x432.jpg 768w, https:\/\/deiteldirect.es\/wp-content\/uploads\/2024\/05\/deitel-1471444483-1-1536x864.jpg 1536w, https:\/\/deiteldirect.es\/wp-content\/uploads\/2024\/05\/deitel-1471444483-1-2048x1152.jpg 2048w\" sizes=\"auto, (max-width: 2500px) 100vw, 2500px\" \/><div class=\"wp-block-cover__inner-container is-layout-constrained wp-block-cover-is-layout-constrained\"><h2 class=\"alignwide wp-block-post-title\">Estudios de opini\u00f3n<\/h2><\/div><\/div>\n\n\n\n<p>Contamos con una metodolog\u00eda de trabajo que nos permite la realizaci\u00f3n de estudios a medida de las necesidades de nuestros clientes completando las distintas fases del proyecto, desde el dise\u00f1o hasta la elaboraci\u00f3n del informe de resultados pasando por el trabajo de campo y la explotaci\u00f3n estad\u00edstica.<\/p>\n\n\n\n<div class=\"wp-block-group is-layout-constrained wp-block-group-is-layout-constrained\" style=\"padding-top:var(--wp--preset--spacing--80);padding-bottom:var(--wp--preset--spacing--80)\">\n<h2 class=\"wp-block-heading has-text-align-center\">\u00bfTienes un proyecto similar?<\/h2>\n\n\n\n<p class=\"has-text-align-center\">Si tienes un proyecto similar o tienes alguna duda, contacta con nosotros<\/p>\n\n\n\n<div class=\"wp-block-contact-form-7-contact-form-selector\">\n<div class=\"wpcf7 no-js\" id=\"wpcf7-f121-o1\" lang=\"es-ES\" dir=\"ltr\" data-wpcf7-id=\"121\">\n<div class=\"screen-reader-response\"><p role=\"status\" aria-live=\"polite\" aria-atomic=\"true\"><\/p> <ul><\/ul><\/div>\n<form action=\"\/es\/wp-json\/wp\/v2\/pages\/69#wpcf7-f121-o1\" method=\"post\" class=\"wpcf7-form init\" aria-label=\"Formulario de contacto\" novalidate=\"novalidate\" data-status=\"init\">\n<div style=\"display: none;\">\n<input type=\"hidden\" name=\"_wpcf7\" value=\"121\" \/>\n<input type=\"hidden\" name=\"_wpcf7_version\" value=\"6.0.1\" \/>\n<input type=\"hidden\" name=\"_wpcf7_locale\" value=\"es_ES\" \/>\n<input type=\"hidden\" name=\"_wpcf7_unit_tag\" value=\"wpcf7-f121-o1\" \/>\n<input type=\"hidden\" name=\"_wpcf7_container_post\" value=\"0\" \/>\n<input type=\"hidden\" name=\"_wpcf7_posted_data_hash\" value=\"\" \/>\n<input type=\"hidden\" name=\"_wpcf7_recaptcha_response\" value=\"\" \/>\n<\/div>\n<p><label> Tu nombre<br \/>\n<input size=\"40\" maxlength=\"400\" class=\"wpcf7-form-control wpcf7-text wpcf7-validates-as-required\" autocomplete=\"name\" aria-required=\"true\" aria-invalid=\"false\" value=\"\" type=\"text\" name=\"your-name\" \/> <\/label>\n<\/p>\n<p><label> Tu correo electr\u00f3nico<br \/>\n<input size=\"40\" maxlength=\"400\" class=\"wpcf7-form-control wpcf7-email wpcf7-validates-as-required wpcf7-text wpcf7-validates-as-email\" autocomplete=\"email\" aria-required=\"true\" aria-invalid=\"false\" value=\"\" type=\"email\" name=\"your-email\" \/> <\/label>\n<\/p>\n<p><label> Tel\u00e9fono<br \/>\n<input size=\"40\" maxlength=\"400\" class=\"wpcf7-form-control wpcf7-text wpcf7-validates-as-required\" aria-required=\"true\" aria-invalid=\"false\" value=\"\" type=\"text\" name=\"your-phone\" \/> <\/label>\n<\/p>\n<p><label> Tu mensaje (opcional)<br \/>\n<textarea cols=\"40\" rows=\"10\" maxlength=\"2000\" class=\"wpcf7-form-control wpcf7-textarea\" aria-invalid=\"false\" name=\"your-message\"><\/textarea> <\/label>\n<\/p>\n<p>DEITEL DIRECT, S.L., como responsable del tratamiento, le informa que sus datos son recabados con la finalidad de atender las consultas realizadas. Cualquier persona tiene derecho a solicitar el acceso, rectificaci\u00f3n, supresi\u00f3n, limitaci\u00f3n del tratamiento, oposici\u00f3n o derecho a la portabilidad de sus datos personales, escribi\u00e9ndonos a la direcci\u00f3n de nuestras oficinas, o enviando un correo electr\u00f3nico a admi@deiteldirect.es, indicando el derecho que desea ejercer. Puede obtener informaci\u00f3n adicional en la Pol\u00edtica de Privacidad de nuestra p\u00e1gina web.\n<\/p>\n<p><input class=\"wpcf7-form-control wpcf7-submit has-spinner\" type=\"submit\" value=\"Enviar\" \/>\n<\/p><div class=\"wpcf7-response-output\" aria-hidden=\"true\"><\/div>\n<\/form>\n<\/div>\n<\/div>\n<\/div>\n","protected":false},"excerpt":{"rendered":"<p>Contamos con una metodolog\u00eda de trabajo que nos permite la realizaci\u00f3n de estudios a medida de las necesidades de nuestros clientes completando las distintas fases del proyecto, desde el dise\u00f1o hasta la elaboraci\u00f3n del informe de resultados pasando por el trabajo de campo y la explotaci\u00f3n estad\u00edstica.<\/p>\n","protected":false},"author":1,"featured_media":161,"parent":71,"menu_order":0,"comment_status":"closed","ping_status":"closed","template":"","meta":{"_acf_changed":false,"footnotes":""},"class_list":["post-69","page","type-page","status-publish","has-post-thumbnail","hentry"],"acf":[],"yoast_head":"<!-- This site is optimized with the Yoast SEO plugin v24.8.1 - https:\/\/yoast.com\/wordpress\/plugins\/seo\/ -->\n<title>Estudios de opini\u00f3n - Deitel Direct<\/title>\n<meta name=\"robots\" content=\"index, follow, max-snippet:-1, max-image-preview:large, max-video-preview:-1\" \/>\n<link rel=\"canonical\" href=\"https:\/\/deiteldirect.es\/es\/servicios\/estudios-de-opinion\/\" \/>\n<meta property=\"og:locale\" content=\"es_ES\" \/>\n<meta property=\"og:type\" content=\"article\" \/>\n<meta property=\"og:title\" content=\"Estudios de opini\u00f3n - Deitel Direct\" \/>\n<meta property=\"og:description\" content=\"Contamos con una metodolog\u00eda de trabajo que nos permite la realizaci\u00f3n de estudios a medida de las necesidades de nuestros clientes completando las distintas fases del proyecto, desde el dise\u00f1o hasta la elaboraci\u00f3n del informe de resultados pasando por el trabajo de campo y la explotaci\u00f3n estad\u00edstica.\" \/>\n<meta property=\"og:url\" content=\"https:\/\/deiteldirect.es\/es\/servicios\/estudios-de-opinion\/\" \/>\n<meta property=\"og:site_name\" content=\"Deitel Direct\" \/>\n<meta property=\"article:modified_time\" content=\"2024-05-03T12:58:37+00:00\" \/>\n<meta property=\"og:image\" content=\"https:\/\/deiteldirect.es\/wp-content\/uploads\/2024\/05\/deitel-1471444483-1.jpg\" \/>\n\t<meta property=\"og:image:width\" content=\"2500\" \/>\n\t<meta property=\"og:image:height\" content=\"1406\" \/>\n\t<meta property=\"og:image:type\" content=\"image\/jpeg\" \/>\n<meta name=\"twitter:card\" content=\"summary_large_image\" \/>\n<script type=\"application\/ld+json\" class=\"yoast-schema-graph\">{\"@context\":\"https:\/\/schema.org\",\"@graph\":[{\"@type\":\"WebPage\",\"@id\":\"https:\/\/deiteldirect.es\/es\/servicios\/estudios-de-opinion\/\",\"url\":\"https:\/\/deiteldirect.es\/es\/servicios\/estudios-de-opinion\/\",\"name\":\"Estudios de opini\u00f3n - Deitel Direct\",\"isPartOf\":{\"@id\":\"https:\/\/deiteldirect.es\/es\/#website\"},\"primaryImageOfPage\":{\"@id\":\"https:\/\/deiteldirect.es\/es\/servicios\/estudios-de-opinion\/#primaryimage\"},\"image\":{\"@id\":\"https:\/\/deiteldirect.es\/es\/servicios\/estudios-de-opinion\/#primaryimage\"},\"thumbnailUrl\":\"https:\/\/deiteldirect.es\/wp-content\/uploads\/2024\/05\/deitel-1471444483-1.jpg\",\"datePublished\":\"2024-04-30T06:50:50+00:00\",\"dateModified\":\"2024-05-03T12:58:37+00:00\",\"breadcrumb\":{\"@id\":\"https:\/\/deiteldirect.es\/es\/servicios\/estudios-de-opinion\/#breadcrumb\"},\"inLanguage\":\"es\",\"potentialAction\":[{\"@type\":\"ReadAction\",\"target\":[\"https:\/\/deiteldirect.es\/es\/servicios\/estudios-de-opinion\/\"]}]},{\"@type\":\"ImageObject\",\"inLanguage\":\"es\",\"@id\":\"https:\/\/deiteldirect.es\/es\/servicios\/estudios-de-opinion\/#primaryimage\",\"url\":\"https:\/\/deiteldirect.es\/wp-content\/uploads\/2024\/05\/deitel-1471444483-1.jpg\",\"contentUrl\":\"https:\/\/deiteldirect.es\/wp-content\/uploads\/2024\/05\/deitel-1471444483-1.jpg\",\"width\":2500,\"height\":1406,\"caption\":\"Customer Satisfaction Survey Concept, Users Rate Service Experiences On Online Application, Customers Can Evaluate Quality Of Service Leading To Business Reputation Rating.\"},{\"@type\":\"BreadcrumbList\",\"@id\":\"https:\/\/deiteldirect.es\/es\/servicios\/estudios-de-opinion\/#breadcrumb\",\"itemListElement\":[{\"@type\":\"ListItem\",\"position\":1,\"name\":\"Portada\",\"item\":\"https:\/\/deiteldirect.es\/es\/\"},{\"@type\":\"ListItem\",\"position\":2,\"name\":\"Servicios\",\"item\":\"https:\/\/deiteldirect.es\/es\/servicios\/\"},{\"@type\":\"ListItem\",\"position\":3,\"name\":\"Estudios de opini\u00f3n\"}]},{\"@type\":\"WebSite\",\"@id\":\"https:\/\/deiteldirect.es\/es\/#website\",\"url\":\"https:\/\/deiteldirect.es\/es\/\",\"name\":\"Deitel Direct\",\"description\":\"\",\"publisher\":{\"@id\":\"https:\/\/deiteldirect.es\/es\/#organization\"},\"potentialAction\":[{\"@type\":\"SearchAction\",\"target\":{\"@type\":\"EntryPoint\",\"urlTemplate\":\"https:\/\/deiteldirect.es\/es\/?s={search_term_string}\"},\"query-input\":{\"@type\":\"PropertyValueSpecification\",\"valueRequired\":true,\"valueName\":\"search_term_string\"}}],\"inLanguage\":\"es\"},{\"@type\":\"Organization\",\"@id\":\"https:\/\/deiteldirect.es\/es\/#organization\",\"name\":\"Deitel Direct\",\"url\":\"https:\/\/deiteldirect.es\/es\/\",\"logo\":{\"@type\":\"ImageObject\",\"inLanguage\":\"es\",\"@id\":\"https:\/\/deiteldirect.es\/es\/#\/schema\/logo\/image\/\",\"url\":\"https:\/\/deiteldirect.es\/wp-content\/uploads\/2024\/05\/logo.png\",\"contentUrl\":\"https:\/\/deiteldirect.es\/wp-content\/uploads\/2024\/05\/logo.png\",\"width\":1286,\"height\":1286,\"caption\":\"Deitel Direct\"},\"image\":{\"@id\":\"https:\/\/deiteldirect.es\/es\/#\/schema\/logo\/image\/\"},\"sameAs\":[\"https:\/\/www.instagram.com\/deitel.direct\/\",\"https:\/\/es.linkedin.com\/company\/deitel-direct\"]}]}<\/script>\n<!-- \/ Yoast SEO plugin. -->","yoast_head_json":{"title":"Estudios de opini\u00f3n - Deitel Direct","robots":{"index":"index","follow":"follow","max-snippet":"max-snippet:-1","max-image-preview":"max-image-preview:large","max-video-preview":"max-video-preview:-1"},"canonical":"https:\/\/deiteldirect.es\/es\/servicios\/estudios-de-opinion\/","og_locale":"es_ES","og_type":"article","og_title":"Estudios de opini\u00f3n - Deitel Direct","og_description":"Contamos con una metodolog\u00eda de trabajo que nos permite la realizaci\u00f3n de estudios a medida de las necesidades de nuestros clientes completando las distintas fases del proyecto, desde el dise\u00f1o hasta la elaboraci\u00f3n del informe de resultados pasando por el trabajo de campo y la explotaci\u00f3n estad\u00edstica.","og_url":"https:\/\/deiteldirect.es\/es\/servicios\/estudios-de-opinion\/","og_site_name":"Deitel Direct","article_modified_time":"2024-05-03T12:58:37+00:00","og_image":[{"width":2500,"height":1406,"url":"https:\/\/deiteldirect.es\/wp-content\/uploads\/2024\/05\/deitel-1471444483-1.jpg","type":"image\/jpeg"}],"twitter_card":"summary_large_image","schema":{"@context":"https:\/\/schema.org","@graph":[{"@type":"WebPage","@id":"https:\/\/deiteldirect.es\/es\/servicios\/estudios-de-opinion\/","url":"https:\/\/deiteldirect.es\/es\/servicios\/estudios-de-opinion\/","name":"Estudios de opini\u00f3n - Deitel Direct","isPartOf":{"@id":"https:\/\/deiteldirect.es\/es\/#website"},"primaryImageOfPage":{"@id":"https:\/\/deiteldirect.es\/es\/servicios\/estudios-de-opinion\/#primaryimage"},"image":{"@id":"https:\/\/deiteldirect.es\/es\/servicios\/estudios-de-opinion\/#primaryimage"},"thumbnailUrl":"https:\/\/deiteldirect.es\/wp-content\/uploads\/2024\/05\/deitel-1471444483-1.jpg","datePublished":"2024-04-30T06:50:50+00:00","dateModified":"2024-05-03T12:58:37+00:00","breadcrumb":{"@id":"https:\/\/deiteldirect.es\/es\/servicios\/estudios-de-opinion\/#breadcrumb"},"inLanguage":"es","potentialAction":[{"@type":"ReadAction","target":["https:\/\/deiteldirect.es\/es\/servicios\/estudios-de-opinion\/"]}]},{"@type":"ImageObject","inLanguage":"es","@id":"https:\/\/deiteldirect.es\/es\/servicios\/estudios-de-opinion\/#primaryimage","url":"https:\/\/deiteldirect.es\/wp-content\/uploads\/2024\/05\/deitel-1471444483-1.jpg","contentUrl":"https:\/\/deiteldirect.es\/wp-content\/uploads\/2024\/05\/deitel-1471444483-1.jpg","width":2500,"height":1406,"caption":"Customer Satisfaction Survey Concept, Users Rate Service Experiences On Online Application, Customers Can Evaluate Quality Of Service Leading To Business Reputation Rating."},{"@type":"BreadcrumbList","@id":"https:\/\/deiteldirect.es\/es\/servicios\/estudios-de-opinion\/#breadcrumb","itemListElement":[{"@type":"ListItem","position":1,"name":"Portada","item":"https:\/\/deiteldirect.es\/es\/"},{"@type":"ListItem","position":2,"name":"Servicios","item":"https:\/\/deiteldirect.es\/es\/servicios\/"},{"@type":"ListItem","position":3,"name":"Estudios de opini\u00f3n"}]},{"@type":"WebSite","@id":"https:\/\/deiteldirect.es\/es\/#website","url":"https:\/\/deiteldirect.es\/es\/","name":"Deitel Direct","description":"","publisher":{"@id":"https:\/\/deiteldirect.es\/es\/#organization"},"potentialAction":[{"@type":"SearchAction","target":{"@type":"EntryPoint","urlTemplate":"https:\/\/deiteldirect.es\/es\/?s={search_term_string}"},"query-input":{"@type":"PropertyValueSpecification","valueRequired":true,"valueName":"search_term_string"}}],"inLanguage":"es"},{"@type":"Organization","@id":"https:\/\/deiteldirect.es\/es\/#organization","name":"Deitel Direct","url":"https:\/\/deiteldirect.es\/es\/","logo":{"@type":"ImageObject","inLanguage":"es","@id":"https:\/\/deiteldirect.es\/es\/#\/schema\/logo\/image\/","url":"https:\/\/deiteldirect.es\/wp-content\/uploads\/2024\/05\/logo.png","contentUrl":"https:\/\/deiteldirect.es\/wp-content\/uploads\/2024\/05\/logo.png","width":1286,"height":1286,"caption":"Deitel Direct"},"image":{"@id":"https:\/\/deiteldirect.es\/es\/#\/schema\/logo\/image\/"},"sameAs":["https:\/\/www.instagram.com\/deitel.direct\/","https:\/\/es.linkedin.com\/company\/deitel-direct"]}]}},"_links":{"self":[{"href":"https:\/\/deiteldirect.es\/es\/wp-json\/wp\/v2\/pages\/69","targetHints":{"allow":["GET"]}}],"collection":[{"href":"https:\/\/deiteldirect.es\/es\/wp-json\/wp\/v2\/pages"}],"about":[{"href":"https:\/\/deiteldirect.es\/es\/wp-json\/wp\/v2\/types\/page"}],"author":[{"embeddable":true,"href":"https:\/\/deiteldirect.es\/es\/wp-json\/wp\/v2\/users\/1"}],"replies":[{"embeddable":true,"href":"https:\/\/deiteldirect.es\/es\/wp-json\/wp\/v2\/comments?post=69"}],"version-history":[{"count":8,"href":"https:\/\/deiteldirect.es\/es\/wp-json\/wp\/v2\/pages\/69\/revisions"}],"predecessor-version":[{"id":174,"href":"https:\/\/deiteldirect.es\/es\/wp-json\/wp\/v2\/pages\/69\/revisions\/174"}],"up":[{"embeddable":true,"href":"https:\/\/deiteldirect.es\/es\/wp-json\/wp\/v2\/pages\/71"}],"wp:featuredmedia":[{"embeddable":true,"href":"https:\/\/deiteldirect.es\/es\/wp-json\/wp\/v2\/media\/161"}],"wp:attachment":[{"href":"https:\/\/deiteldirect.es\/es\/wp-json\/wp\/v2\/media?parent=69"}],"curies":[{"name":"wp","href":"https:\/\/api.w.org\/{rel}","templated":true}]}}