{"id":65,"date":"2024-04-30T08:50:03","date_gmt":"2024-04-30T06:50:03","guid":{"rendered":"https:\/\/deiteldirect.es\/?page_id=65"},"modified":"2024-05-03T15:00:52","modified_gmt":"2024-05-03T13:00:52","slug":"bpo-business-process-outsourcing","status":"publish","type":"page","link":"https:\/\/deiteldirect.es\/es\/servicios\/bpo-business-process-outsourcing\/","title":{"rendered":"BPO &#8211; Business Process Outsourcing"},"content":{"rendered":"\n<div class=\"wp-block-cover alignfull\" style=\"margin-bottom:var(--wp--preset--spacing--80)\"><span aria-hidden=\"true\" class=\"wp-block-cover__background has-background-dim\" style=\"background-color:#595754\"><\/span><img loading=\"lazy\" decoding=\"async\" width=\"2500\" height=\"1669\" src=\"https:\/\/deiteldirect.es\/wp-content\/uploads\/2024\/05\/deitel-1059088660-1.jpg\" class=\"wp-block-cover__image-background wp-post-image\" alt=\"\" data-object-fit=\"cover\" data-object-position=\"52% 31%\" style=\"object-position:52% 31%;\" srcset=\"https:\/\/deiteldirect.es\/wp-content\/uploads\/2024\/05\/deitel-1059088660-1.jpg 2500w, https:\/\/deiteldirect.es\/wp-content\/uploads\/2024\/05\/deitel-1059088660-1-300x200.jpg 300w, https:\/\/deiteldirect.es\/wp-content\/uploads\/2024\/05\/deitel-1059088660-1-1024x684.jpg 1024w, https:\/\/deiteldirect.es\/wp-content\/uploads\/2024\/05\/deitel-1059088660-1-768x513.jpg 768w, https:\/\/deiteldirect.es\/wp-content\/uploads\/2024\/05\/deitel-1059088660-1-1536x1025.jpg 1536w, https:\/\/deiteldirect.es\/wp-content\/uploads\/2024\/05\/deitel-1059088660-1-2048x1367.jpg 2048w\" sizes=\"auto, (max-width: 2500px) 100vw, 2500px\" \/><div class=\"wp-block-cover__inner-container is-layout-constrained wp-block-cover-is-layout-constrained\"><h2 class=\"alignwide wp-block-post-title\">BPO &#8211; Business Process Outsourcing<\/h2><\/div><\/div>\n\n\n\n<p>Somos especialistas en gestionar de forma eficiente procesos internos de nuestros clientes para que puedan concentrar sus recursos en sus principales competencias.<\/p>\n\n\n\n<p>Gestionamos procesos internos aportando los recursos necesarios en cada momento y manteniendo la calidad del servicio.<\/p>\n\n\n\n<h2 class=\"wp-block-heading\" style=\"margin-top:var(--wp--preset--spacing--80);margin-right:0;margin-bottom:var(--wp--preset--spacing--80);margin-left:0\">Casos de \u00e9xito<\/h2>\n\n\n\n<div class=\"wp-block-columns is-layout-flex wp-container-core-columns-is-layout-9d6595d7 wp-block-columns-is-layout-flex\">\n<div class=\"wp-block-column is-vertically-aligned-center is-layout-flow wp-block-column-is-layout-flow\">\n<figure class=\"wp-block-image size-large\"><img loading=\"lazy\" decoding=\"async\" width=\"1024\" height=\"321\" src=\"https:\/\/deiteldirect.es\/wp-content\/uploads\/2024\/04\/Avanza_by_mobility_ado-1024x321.png\" alt=\"\" class=\"wp-image-143\" srcset=\"https:\/\/deiteldirect.es\/wp-content\/uploads\/2024\/04\/Avanza_by_mobility_ado-1024x321.png 1024w, https:\/\/deiteldirect.es\/wp-content\/uploads\/2024\/04\/Avanza_by_mobility_ado-300x94.png 300w, https:\/\/deiteldirect.es\/wp-content\/uploads\/2024\/04\/Avanza_by_mobility_ado-768x241.png 768w, https:\/\/deiteldirect.es\/wp-content\/uploads\/2024\/04\/Avanza_by_mobility_ado.png 1136w\" sizes=\"auto, (max-width: 1024px) 100vw, 1024px\" \/><\/figure>\n<\/div>\n\n\n\n<div class=\"wp-block-column is-layout-flow wp-block-column-is-layout-flow\">\n<h4 class=\"wp-block-heading\">Avanza<\/h4>\n\n\n\n<p>Servicio de Atenci\u00f3n al Cliente de AVANZA.<\/p>\n<\/div>\n<\/div>\n\n\n\n<div class=\"wp-block-columns is-layout-flex wp-container-core-columns-is-layout-9d6595d7 wp-block-columns-is-layout-flex\">\n<div class=\"wp-block-column is-vertically-aligned-center is-layout-flow wp-block-column-is-layout-flow\">\n<figure class=\"wp-block-image size-large\"><img loading=\"lazy\" decoding=\"async\" width=\"1024\" height=\"407\" src=\"https:\/\/deiteldirect.es\/wp-content\/uploads\/2024\/04\/barik-logo_0-1024x407.png\" alt=\"\" class=\"wp-image-51\" srcset=\"https:\/\/deiteldirect.es\/wp-content\/uploads\/2024\/04\/barik-logo_0-1024x407.png 1024w, https:\/\/deiteldirect.es\/wp-content\/uploads\/2024\/04\/barik-logo_0-300x119.png 300w, https:\/\/deiteldirect.es\/wp-content\/uploads\/2024\/04\/barik-logo_0-768x305.png 768w, https:\/\/deiteldirect.es\/wp-content\/uploads\/2024\/04\/barik-logo_0-1536x610.png 1536w, https:\/\/deiteldirect.es\/wp-content\/uploads\/2024\/04\/barik-logo_0.png 1594w\" sizes=\"auto, (max-width: 1024px) 100vw, 1024px\" \/><\/figure>\n<\/div>\n\n\n\n<div class=\"wp-block-column is-layout-flow wp-block-column-is-layout-flow\">\n<h4 class=\"wp-block-heading\">Barik<\/h4>\n\n\n\n<p>Servicio de emisi\u00f3n de tarjetas BARIK.<\/p>\n<\/div>\n<\/div>\n\n\n\n<div class=\"wp-block-columns is-layout-flex wp-container-core-columns-is-layout-9d6595d7 wp-block-columns-is-layout-flex\">\n<div class=\"wp-block-column is-vertically-aligned-center is-layout-flow wp-block-column-is-layout-flow\">\n<figure class=\"wp-block-image size-full\"><img loading=\"lazy\" decoding=\"async\" width=\"630\" height=\"320\" src=\"https:\/\/deiteldirect.es\/wp-content\/uploads\/2024\/04\/logo-vector-bidegi.jpg\" alt=\"\" class=\"wp-image-67\" srcset=\"https:\/\/deiteldirect.es\/wp-content\/uploads\/2024\/04\/logo-vector-bidegi.jpg 630w, https:\/\/deiteldirect.es\/wp-content\/uploads\/2024\/04\/logo-vector-bidegi-300x152.jpg 300w\" sizes=\"auto, (max-width: 630px) 100vw, 630px\" \/><\/figure>\n<\/div>\n\n\n\n<div class=\"wp-block-column is-layout-flow wp-block-column-is-layout-flow\">\n<h4 class=\"wp-block-heading\">Bidegi<\/h4>\n\n\n\n<p>Centro de Atenci\u00f3n al Usuario de BIDEGI.<\/p>\n<\/div>\n<\/div>\n\n\n\n<div class=\"wp-block-group is-layout-constrained wp-block-group-is-layout-constrained\" style=\"padding-top:var(--wp--preset--spacing--80);padding-bottom:var(--wp--preset--spacing--80)\">\n<h2 class=\"wp-block-heading has-text-align-center\">\u00bfTienes un proyecto similar?<\/h2>\n\n\n\n<p class=\"has-text-align-center\">Si tienes un proyecto similar o tienes alguna duda, contacta con nosotros<\/p>\n\n\n\n<div class=\"wp-block-contact-form-7-contact-form-selector\">\n<div class=\"wpcf7 no-js\" id=\"wpcf7-f121-o1\" lang=\"es-ES\" dir=\"ltr\" data-wpcf7-id=\"121\">\n<div class=\"screen-reader-response\"><p role=\"status\" aria-live=\"polite\" aria-atomic=\"true\"><\/p> <ul><\/ul><\/div>\n<form action=\"\/es\/wp-json\/wp\/v2\/pages\/65#wpcf7-f121-o1\" method=\"post\" class=\"wpcf7-form init\" aria-label=\"Formulario de contacto\" novalidate=\"novalidate\" data-status=\"init\">\n<div style=\"display: none;\">\n<input type=\"hidden\" name=\"_wpcf7\" value=\"121\" \/>\n<input type=\"hidden\" name=\"_wpcf7_version\" value=\"6.0.1\" \/>\n<input type=\"hidden\" name=\"_wpcf7_locale\" value=\"es_ES\" \/>\n<input type=\"hidden\" name=\"_wpcf7_unit_tag\" value=\"wpcf7-f121-o1\" \/>\n<input type=\"hidden\" name=\"_wpcf7_container_post\" value=\"0\" \/>\n<input type=\"hidden\" name=\"_wpcf7_posted_data_hash\" value=\"\" \/>\n<input type=\"hidden\" name=\"_wpcf7_recaptcha_response\" value=\"\" \/>\n<\/div>\n<p><label> Tu nombre<br \/>\n<input size=\"40\" maxlength=\"400\" class=\"wpcf7-form-control wpcf7-text wpcf7-validates-as-required\" autocomplete=\"name\" aria-required=\"true\" aria-invalid=\"false\" value=\"\" type=\"text\" name=\"your-name\" \/> <\/label>\n<\/p>\n<p><label> Tu correo electr\u00f3nico<br \/>\n<input size=\"40\" maxlength=\"400\" class=\"wpcf7-form-control wpcf7-email wpcf7-validates-as-required wpcf7-text wpcf7-validates-as-email\" autocomplete=\"email\" aria-required=\"true\" aria-invalid=\"false\" value=\"\" type=\"email\" name=\"your-email\" \/> <\/label>\n<\/p>\n<p><label> Tel\u00e9fono<br \/>\n<input size=\"40\" maxlength=\"400\" class=\"wpcf7-form-control wpcf7-text wpcf7-validates-as-required\" aria-required=\"true\" aria-invalid=\"false\" value=\"\" type=\"text\" name=\"your-phone\" \/> <\/label>\n<\/p>\n<p><label> Tu mensaje (opcional)<br \/>\n<textarea cols=\"40\" rows=\"10\" maxlength=\"2000\" class=\"wpcf7-form-control wpcf7-textarea\" aria-invalid=\"false\" name=\"your-message\"><\/textarea> <\/label>\n<\/p>\n<p>DEITEL DIRECT, S.L., como responsable del tratamiento, le informa que sus datos son recabados con la finalidad de atender las consultas realizadas. Cualquier persona tiene derecho a solicitar el acceso, rectificaci\u00f3n, supresi\u00f3n, limitaci\u00f3n del tratamiento, oposici\u00f3n o derecho a la portabilidad de sus datos personales, escribi\u00e9ndonos a la direcci\u00f3n de nuestras oficinas, o enviando un correo electr\u00f3nico a admi@deiteldirect.es, indicando el derecho que desea ejercer. Puede obtener informaci\u00f3n adicional en la Pol\u00edtica de Privacidad de nuestra p\u00e1gina web.\n<\/p>\n<p><input class=\"wpcf7-form-control wpcf7-submit has-spinner\" type=\"submit\" value=\"Enviar\" \/>\n<\/p><div class=\"wpcf7-response-output\" aria-hidden=\"true\"><\/div>\n<\/form>\n<\/div>\n<\/div>\n<\/div>\n","protected":false},"excerpt":{"rendered":"<p>Somos especialistas en gestionar de forma eficiente procesos internos de nuestros clientes para que puedan concentrar sus recursos en sus principales competencias. Gestionamos procesos internos aportando los recursos necesarios en cada momento y manteniendo la calidad del servicio. Casos de \u00e9xito Avanza Servicio de Atenci\u00f3n al Cliente de AVANZA. Barik Servicio de emisi\u00f3n de tarjetas [&hellip;]<\/p>\n","protected":false},"author":1,"featured_media":178,"parent":71,"menu_order":0,"comment_status":"closed","ping_status":"closed","template":"","meta":{"_acf_changed":false,"footnotes":""},"class_list":["post-65","page","type-page","status-publish","has-post-thumbnail","hentry"],"acf":[],"yoast_head":"<!-- This site is optimized with the Yoast SEO plugin v24.8.1 - https:\/\/yoast.com\/wordpress\/plugins\/seo\/ -->\n<title>BPO - Business Process Outsourcing - Deitel Direct<\/title>\n<meta name=\"robots\" content=\"index, follow, max-snippet:-1, max-image-preview:large, max-video-preview:-1\" \/>\n<link rel=\"canonical\" href=\"https:\/\/deiteldirect.es\/es\/servicios\/bpo-business-process-outsourcing\/\" \/>\n<meta property=\"og:locale\" content=\"es_ES\" \/>\n<meta property=\"og:type\" content=\"article\" \/>\n<meta property=\"og:title\" content=\"BPO - Business Process Outsourcing - Deitel Direct\" \/>\n<meta property=\"og:description\" content=\"Somos especialistas en gestionar de forma eficiente procesos internos de nuestros clientes para que puedan concentrar sus recursos en sus principales competencias. Gestionamos procesos internos aportando los recursos necesarios en cada momento y manteniendo la calidad del servicio. Casos de \u00e9xito Avanza Servicio de Atenci\u00f3n al Cliente de AVANZA. Barik Servicio de emisi\u00f3n de tarjetas [&hellip;]\" \/>\n<meta property=\"og:url\" content=\"https:\/\/deiteldirect.es\/es\/servicios\/bpo-business-process-outsourcing\/\" \/>\n<meta property=\"og:site_name\" content=\"Deitel Direct\" \/>\n<meta property=\"article:modified_time\" content=\"2024-05-03T13:00:52+00:00\" \/>\n<meta property=\"og:image\" content=\"https:\/\/deiteldirect.es\/wp-content\/uploads\/2024\/05\/deitel-1059088660-1.jpg\" \/>\n\t<meta property=\"og:image:width\" content=\"2500\" \/>\n\t<meta property=\"og:image:height\" content=\"1669\" \/>\n\t<meta property=\"og:image:type\" content=\"image\/jpeg\" \/>\n<meta name=\"twitter:card\" content=\"summary_large_image\" \/>\n<script type=\"application\/ld+json\" class=\"yoast-schema-graph\">{\"@context\":\"https:\/\/schema.org\",\"@graph\":[{\"@type\":\"WebPage\",\"@id\":\"https:\/\/deiteldirect.es\/es\/servicios\/bpo-business-process-outsourcing\/\",\"url\":\"https:\/\/deiteldirect.es\/es\/servicios\/bpo-business-process-outsourcing\/\",\"name\":\"BPO - Business Process Outsourcing - Deitel Direct\",\"isPartOf\":{\"@id\":\"https:\/\/deiteldirect.es\/es\/#website\"},\"primaryImageOfPage\":{\"@id\":\"https:\/\/deiteldirect.es\/es\/servicios\/bpo-business-process-outsourcing\/#primaryimage\"},\"image\":{\"@id\":\"https:\/\/deiteldirect.es\/es\/servicios\/bpo-business-process-outsourcing\/#primaryimage\"},\"thumbnailUrl\":\"https:\/\/deiteldirect.es\/wp-content\/uploads\/2024\/05\/deitel-1059088660-1.jpg\",\"datePublished\":\"2024-04-30T06:50:03+00:00\",\"dateModified\":\"2024-05-03T13:00:52+00:00\",\"breadcrumb\":{\"@id\":\"https:\/\/deiteldirect.es\/es\/servicios\/bpo-business-process-outsourcing\/#breadcrumb\"},\"inLanguage\":\"es\",\"potentialAction\":[{\"@type\":\"ReadAction\",\"target\":[\"https:\/\/deiteldirect.es\/es\/servicios\/bpo-business-process-outsourcing\/\"]}]},{\"@type\":\"ImageObject\",\"inLanguage\":\"es\",\"@id\":\"https:\/\/deiteldirect.es\/es\/servicios\/bpo-business-process-outsourcing\/#primaryimage\",\"url\":\"https:\/\/deiteldirect.es\/wp-content\/uploads\/2024\/05\/deitel-1059088660-1.jpg\",\"contentUrl\":\"https:\/\/deiteldirect.es\/wp-content\/uploads\/2024\/05\/deitel-1059088660-1.jpg\",\"width\":2500,\"height\":1669,\"caption\":\"High angle shot of a group of call centre agents working in an office\"},{\"@type\":\"BreadcrumbList\",\"@id\":\"https:\/\/deiteldirect.es\/es\/servicios\/bpo-business-process-outsourcing\/#breadcrumb\",\"itemListElement\":[{\"@type\":\"ListItem\",\"position\":1,\"name\":\"Portada\",\"item\":\"https:\/\/deiteldirect.es\/es\/\"},{\"@type\":\"ListItem\",\"position\":2,\"name\":\"Servicios\",\"item\":\"https:\/\/deiteldirect.es\/es\/servicios\/\"},{\"@type\":\"ListItem\",\"position\":3,\"name\":\"BPO &#8211; Business Process Outsourcing\"}]},{\"@type\":\"WebSite\",\"@id\":\"https:\/\/deiteldirect.es\/es\/#website\",\"url\":\"https:\/\/deiteldirect.es\/es\/\",\"name\":\"Deitel Direct\",\"description\":\"\",\"publisher\":{\"@id\":\"https:\/\/deiteldirect.es\/es\/#organization\"},\"potentialAction\":[{\"@type\":\"SearchAction\",\"target\":{\"@type\":\"EntryPoint\",\"urlTemplate\":\"https:\/\/deiteldirect.es\/es\/?s={search_term_string}\"},\"query-input\":{\"@type\":\"PropertyValueSpecification\",\"valueRequired\":true,\"valueName\":\"search_term_string\"}}],\"inLanguage\":\"es\"},{\"@type\":\"Organization\",\"@id\":\"https:\/\/deiteldirect.es\/es\/#organization\",\"name\":\"Deitel Direct\",\"url\":\"https:\/\/deiteldirect.es\/es\/\",\"logo\":{\"@type\":\"ImageObject\",\"inLanguage\":\"es\",\"@id\":\"https:\/\/deiteldirect.es\/es\/#\/schema\/logo\/image\/\",\"url\":\"https:\/\/deiteldirect.es\/wp-content\/uploads\/2024\/05\/logo.png\",\"contentUrl\":\"https:\/\/deiteldirect.es\/wp-content\/uploads\/2024\/05\/logo.png\",\"width\":1286,\"height\":1286,\"caption\":\"Deitel Direct\"},\"image\":{\"@id\":\"https:\/\/deiteldirect.es\/es\/#\/schema\/logo\/image\/\"},\"sameAs\":[\"https:\/\/www.instagram.com\/deitel.direct\/\",\"https:\/\/es.linkedin.com\/company\/deitel-direct\"]}]}<\/script>\n<!-- \/ Yoast SEO plugin. -->","yoast_head_json":{"title":"BPO - Business Process Outsourcing - Deitel Direct","robots":{"index":"index","follow":"follow","max-snippet":"max-snippet:-1","max-image-preview":"max-image-preview:large","max-video-preview":"max-video-preview:-1"},"canonical":"https:\/\/deiteldirect.es\/es\/servicios\/bpo-business-process-outsourcing\/","og_locale":"es_ES","og_type":"article","og_title":"BPO - Business Process Outsourcing - Deitel Direct","og_description":"Somos especialistas en gestionar de forma eficiente procesos internos de nuestros clientes para que puedan concentrar sus recursos en sus principales competencias. Gestionamos procesos internos aportando los recursos necesarios en cada momento y manteniendo la calidad del servicio. Casos de \u00e9xito Avanza Servicio de Atenci\u00f3n al Cliente de AVANZA. Barik Servicio de emisi\u00f3n de tarjetas [&hellip;]","og_url":"https:\/\/deiteldirect.es\/es\/servicios\/bpo-business-process-outsourcing\/","og_site_name":"Deitel Direct","article_modified_time":"2024-05-03T13:00:52+00:00","og_image":[{"width":2500,"height":1669,"url":"https:\/\/deiteldirect.es\/wp-content\/uploads\/2024\/05\/deitel-1059088660-1.jpg","type":"image\/jpeg"}],"twitter_card":"summary_large_image","schema":{"@context":"https:\/\/schema.org","@graph":[{"@type":"WebPage","@id":"https:\/\/deiteldirect.es\/es\/servicios\/bpo-business-process-outsourcing\/","url":"https:\/\/deiteldirect.es\/es\/servicios\/bpo-business-process-outsourcing\/","name":"BPO - Business Process Outsourcing - Deitel Direct","isPartOf":{"@id":"https:\/\/deiteldirect.es\/es\/#website"},"primaryImageOfPage":{"@id":"https:\/\/deiteldirect.es\/es\/servicios\/bpo-business-process-outsourcing\/#primaryimage"},"image":{"@id":"https:\/\/deiteldirect.es\/es\/servicios\/bpo-business-process-outsourcing\/#primaryimage"},"thumbnailUrl":"https:\/\/deiteldirect.es\/wp-content\/uploads\/2024\/05\/deitel-1059088660-1.jpg","datePublished":"2024-04-30T06:50:03+00:00","dateModified":"2024-05-03T13:00:52+00:00","breadcrumb":{"@id":"https:\/\/deiteldirect.es\/es\/servicios\/bpo-business-process-outsourcing\/#breadcrumb"},"inLanguage":"es","potentialAction":[{"@type":"ReadAction","target":["https:\/\/deiteldirect.es\/es\/servicios\/bpo-business-process-outsourcing\/"]}]},{"@type":"ImageObject","inLanguage":"es","@id":"https:\/\/deiteldirect.es\/es\/servicios\/bpo-business-process-outsourcing\/#primaryimage","url":"https:\/\/deiteldirect.es\/wp-content\/uploads\/2024\/05\/deitel-1059088660-1.jpg","contentUrl":"https:\/\/deiteldirect.es\/wp-content\/uploads\/2024\/05\/deitel-1059088660-1.jpg","width":2500,"height":1669,"caption":"High angle shot of a group of call centre agents working in an office"},{"@type":"BreadcrumbList","@id":"https:\/\/deiteldirect.es\/es\/servicios\/bpo-business-process-outsourcing\/#breadcrumb","itemListElement":[{"@type":"ListItem","position":1,"name":"Portada","item":"https:\/\/deiteldirect.es\/es\/"},{"@type":"ListItem","position":2,"name":"Servicios","item":"https:\/\/deiteldirect.es\/es\/servicios\/"},{"@type":"ListItem","position":3,"name":"BPO &#8211; Business Process Outsourcing"}]},{"@type":"WebSite","@id":"https:\/\/deiteldirect.es\/es\/#website","url":"https:\/\/deiteldirect.es\/es\/","name":"Deitel Direct","description":"","publisher":{"@id":"https:\/\/deiteldirect.es\/es\/#organization"},"potentialAction":[{"@type":"SearchAction","target":{"@type":"EntryPoint","urlTemplate":"https:\/\/deiteldirect.es\/es\/?s={search_term_string}"},"query-input":{"@type":"PropertyValueSpecification","valueRequired":true,"valueName":"search_term_string"}}],"inLanguage":"es"},{"@type":"Organization","@id":"https:\/\/deiteldirect.es\/es\/#organization","name":"Deitel Direct","url":"https:\/\/deiteldirect.es\/es\/","logo":{"@type":"ImageObject","inLanguage":"es","@id":"https:\/\/deiteldirect.es\/es\/#\/schema\/logo\/image\/","url":"https:\/\/deiteldirect.es\/wp-content\/uploads\/2024\/05\/logo.png","contentUrl":"https:\/\/deiteldirect.es\/wp-content\/uploads\/2024\/05\/logo.png","width":1286,"height":1286,"caption":"Deitel Direct"},"image":{"@id":"https:\/\/deiteldirect.es\/es\/#\/schema\/logo\/image\/"},"sameAs":["https:\/\/www.instagram.com\/deitel.direct\/","https:\/\/es.linkedin.com\/company\/deitel-direct"]}]}},"_links":{"self":[{"href":"https:\/\/deiteldirect.es\/es\/wp-json\/wp\/v2\/pages\/65","targetHints":{"allow":["GET"]}}],"collection":[{"href":"https:\/\/deiteldirect.es\/es\/wp-json\/wp\/v2\/pages"}],"about":[{"href":"https:\/\/deiteldirect.es\/es\/wp-json\/wp\/v2\/types\/page"}],"author":[{"embeddable":true,"href":"https:\/\/deiteldirect.es\/es\/wp-json\/wp\/v2\/users\/1"}],"replies":[{"embeddable":true,"href":"https:\/\/deiteldirect.es\/es\/wp-json\/wp\/v2\/comments?post=65"}],"version-history":[{"count":12,"href":"https:\/\/deiteldirect.es\/es\/wp-json\/wp\/v2\/pages\/65\/revisions"}],"predecessor-version":[{"id":179,"href":"https:\/\/deiteldirect.es\/es\/wp-json\/wp\/v2\/pages\/65\/revisions\/179"}],"up":[{"embeddable":true,"href":"https:\/\/deiteldirect.es\/es\/wp-json\/wp\/v2\/pages\/71"}],"wp:featuredmedia":[{"embeddable":true,"href":"https:\/\/deiteldirect.es\/es\/wp-json\/wp\/v2\/media\/178"}],"wp:attachment":[{"href":"https:\/\/deiteldirect.es\/es\/wp-json\/wp\/v2\/media?parent=65"}],"curies":[{"name":"wp","href":"https:\/\/api.w.org\/{rel}","templated":true}]}}