{"id":46,"date":"2024-04-30T08:35:06","date_gmt":"2024-04-30T06:35:06","guid":{"rendered":"https:\/\/deiteldirect.es\/?page_id=46"},"modified":"2024-12-08T22:11:01","modified_gmt":"2024-12-08T21:11:01","slug":"contact-center","status":"publish","type":"page","link":"https:\/\/deiteldirect.es\/es\/servicios\/contact-center\/","title":{"rendered":"Contact Center"},"content":{"rendered":"\n<div class=\"wp-block-cover alignfull\" style=\"margin-bottom:var(--wp--preset--spacing--80)\"><span aria-hidden=\"true\" class=\"wp-block-cover__background has-background-dim\" style=\"background-color:#595754\"><\/span><img loading=\"lazy\" decoding=\"async\" width=\"2500\" height=\"1791\" class=\"wp-block-cover__image-background wp-image-159\" alt=\"\" src=\"https:\/\/deiteldirect.es\/wp-content\/uploads\/2024\/05\/deitel-1488951389.jpg\" style=\"object-position:52% 33%\" data-object-fit=\"cover\" data-object-position=\"52% 33%\" srcset=\"https:\/\/deiteldirect.es\/wp-content\/uploads\/2024\/05\/deitel-1488951389.jpg 2500w, https:\/\/deiteldirect.es\/wp-content\/uploads\/2024\/05\/deitel-1488951389-300x215.jpg 300w, https:\/\/deiteldirect.es\/wp-content\/uploads\/2024\/05\/deitel-1488951389-1024x734.jpg 1024w, https:\/\/deiteldirect.es\/wp-content\/uploads\/2024\/05\/deitel-1488951389-768x550.jpg 768w, https:\/\/deiteldirect.es\/wp-content\/uploads\/2024\/05\/deitel-1488951389-1536x1100.jpg 1536w, https:\/\/deiteldirect.es\/wp-content\/uploads\/2024\/05\/deitel-1488951389-2048x1467.jpg 2048w\" sizes=\"auto, (max-width: 2500px) 100vw, 2500px\" \/><div class=\"wp-block-cover__inner-container is-layout-constrained wp-block-cover-is-layout-constrained\"><h2 class=\"alignwide wp-block-post-title\">Contact Center<\/h2><\/div><\/div>\n\n\n\n<p>Escuchamos y resolvemos las necesidades de tus clientes a trav\u00e9s de servicios centrados en las personas. En la era de la inteligencia artificial ofrecemos una experiencia humana, personalizada y cercana basada en un gran equipo profesional y en la mejor tecnolog\u00eda digital.<\/p>\n\n\n\n<p>Nuestro equipo ofrece una gesti\u00f3n integral y multicanal orientada a proporcionar una experiencia de cliente \u00f3ptima. M\u00e1s de 25 a\u00f1os de experiencia para ofrecer servicios a medida de las necesidades de nuestros clientes:<\/p>\n\n\n\n<ol class=\"wp-block-list\">\n<li>Servicios de informaci\u00f3n.<\/li>\n\n\n\n<li><span style=\"font-family: var(--wp--preset--font-family--open-sans); font-size: var(--wp--preset--font-size--medium);\">Atenci\u00f3n a la ciudadan\u00eda.<\/span><\/li>\n\n\n\n<li><span style=\"font-family: var(--wp--preset--font-family--open-sans); font-size: var(--wp--preset--font-size--medium);\">Realizaci\u00f3n de encuestas.<\/span><\/li>\n\n\n\n<li><span style=\"font-family: var(--wp--preset--font-family--open-sans); font-size: var(--wp--preset--font-size--medium);\">Servicios backoffice.<\/span><\/li>\n\n\n\n<li>Consultor\u00eda en atenci\u00f3n al cliente.<\/li>\n<\/ol>\n\n\n\n<h2 class=\"wp-block-heading\" style=\"margin-top:var(--wp--preset--spacing--80);margin-right:0;margin-bottom:var(--wp--preset--spacing--80);margin-left:0\">Casos de \u00e9xito<\/h2>\n\n\n\n<div class=\"wp-block-columns is-layout-flex wp-container-core-columns-is-layout-9d6595d7 wp-block-columns-is-layout-flex\">\n<div class=\"wp-block-column is-vertically-aligned-center is-layout-flow wp-block-column-is-layout-flow\">\n<figure class=\"wp-block-image size-full\"><img loading=\"lazy\" decoding=\"async\" width=\"800\" height=\"317\" src=\"https:\/\/deiteldirect.es\/wp-content\/uploads\/2024\/04\/800px-Lurraldebus_logo.svg_.png\" alt=\"\" class=\"wp-image-50\" srcset=\"https:\/\/deiteldirect.es\/wp-content\/uploads\/2024\/04\/800px-Lurraldebus_logo.svg_.png 800w, https:\/\/deiteldirect.es\/wp-content\/uploads\/2024\/04\/800px-Lurraldebus_logo.svg_-300x119.png 300w, https:\/\/deiteldirect.es\/wp-content\/uploads\/2024\/04\/800px-Lurraldebus_logo.svg_-768x304.png 768w\" sizes=\"auto, (max-width: 800px) 100vw, 800px\" \/><\/figure>\n<\/div>\n\n\n\n<div class=\"wp-block-column is-layout-flow wp-block-column-is-layout-flow\">\n<h4 class=\"wp-block-heading\">Lurraldebus<\/h4>\n\n\n\n<p>Servicios de atenci\u00f3n a personas usuarias del centro de gesti\u00f3n integral de transporte p\u00fablico de la Diputaci\u00f3n Foral de Gipuzkoa Lurraldebus Gunea.<\/p>\n<\/div>\n<\/div>\n\n\n\n<div class=\"wp-block-columns is-layout-flex wp-container-core-columns-is-layout-9d6595d7 wp-block-columns-is-layout-flex\">\n<div class=\"wp-block-column is-vertically-aligned-center is-layout-flow wp-block-column-is-layout-flow\">\n<figure class=\"wp-block-image size-large\"><img loading=\"lazy\" decoding=\"async\" width=\"1024\" height=\"407\" src=\"https:\/\/deiteldirect.es\/wp-content\/uploads\/2024\/04\/barik-logo_0-1024x407.png\" alt=\"\" class=\"wp-image-51\" srcset=\"https:\/\/deiteldirect.es\/wp-content\/uploads\/2024\/04\/barik-logo_0-1024x407.png 1024w, https:\/\/deiteldirect.es\/wp-content\/uploads\/2024\/04\/barik-logo_0-300x119.png 300w, https:\/\/deiteldirect.es\/wp-content\/uploads\/2024\/04\/barik-logo_0-768x305.png 768w, https:\/\/deiteldirect.es\/wp-content\/uploads\/2024\/04\/barik-logo_0-1536x610.png 1536w, https:\/\/deiteldirect.es\/wp-content\/uploads\/2024\/04\/barik-logo_0.png 1594w\" sizes=\"auto, (max-width: 1024px) 100vw, 1024px\" \/><\/figure>\n<\/div>\n\n\n\n<div class=\"wp-block-column is-layout-flow wp-block-column-is-layout-flow\">\n<h4 class=\"wp-block-heading\">Barik<\/h4>\n\n\n\n<p>Servicio de atenci\u00f3n al usuario\/a de la tarjeta BARIK y apoyo a su implantaci\u00f3n.<\/p>\n<\/div>\n<\/div>\n\n\n\n<div class=\"wp-block-columns is-layout-flex wp-container-core-columns-is-layout-9d6595d7 wp-block-columns-is-layout-flex\">\n<div class=\"wp-block-column is-vertically-aligned-center is-layout-flow wp-block-column-is-layout-flow\">\n<figure class=\"wp-block-image size-full\"><img loading=\"lazy\" decoding=\"async\" width=\"418\" height=\"121\" src=\"https:\/\/deiteldirect.es\/wp-content\/uploads\/2024\/04\/images.png\" alt=\"\" class=\"wp-image-52\" srcset=\"https:\/\/deiteldirect.es\/wp-content\/uploads\/2024\/04\/images.png 418w, https:\/\/deiteldirect.es\/wp-content\/uploads\/2024\/04\/images-300x87.png 300w\" sizes=\"auto, (max-width: 418px) 100vw, 418px\" \/><\/figure>\n<\/div>\n\n\n\n<div class=\"wp-block-column is-layout-flow wp-block-column-is-layout-flow\">\n<h4 class=\"wp-block-heading\">Diputaci\u00f3n Foral de Gipuzkoa<\/h4>\n\n\n\n<p>Servicios de informaci\u00f3n y asistencia telef\u00f3nica a trav\u00e9s del n\u00famero \u00fanico del Departamento de Hacienda y Finanzas de la Diputaci\u00f3n Foral de Gipuzkoa.<\/p>\n<\/div>\n<\/div>\n\n\n\n<div class=\"wp-block-group is-layout-constrained wp-block-group-is-layout-constrained\" style=\"padding-top:var(--wp--preset--spacing--80);padding-bottom:var(--wp--preset--spacing--80)\">\n<h2 class=\"wp-block-heading has-text-align-center\">\u00bfTienes un proyecto similar?<\/h2>\n\n\n\n<p class=\"has-text-align-center\">Si tienes un proyecto similar o tienes alguna duda, contacta con nosotros<\/p>\n\n\n\n<div class=\"wp-block-contact-form-7-contact-form-selector\">\n<div class=\"wpcf7 no-js\" id=\"wpcf7-f121-o1\" lang=\"es-ES\" dir=\"ltr\" data-wpcf7-id=\"121\">\n<div class=\"screen-reader-response\"><p role=\"status\" aria-live=\"polite\" aria-atomic=\"true\"><\/p> <ul><\/ul><\/div>\n<form action=\"\/es\/wp-json\/wp\/v2\/pages\/46#wpcf7-f121-o1\" method=\"post\" class=\"wpcf7-form init\" aria-label=\"Formulario de contacto\" novalidate=\"novalidate\" data-status=\"init\">\n<div style=\"display: none;\">\n<input type=\"hidden\" name=\"_wpcf7\" value=\"121\" \/>\n<input type=\"hidden\" name=\"_wpcf7_version\" value=\"6.0.1\" \/>\n<input type=\"hidden\" name=\"_wpcf7_locale\" value=\"es_ES\" \/>\n<input type=\"hidden\" name=\"_wpcf7_unit_tag\" value=\"wpcf7-f121-o1\" \/>\n<input type=\"hidden\" name=\"_wpcf7_container_post\" value=\"0\" \/>\n<input type=\"hidden\" name=\"_wpcf7_posted_data_hash\" value=\"\" \/>\n<input type=\"hidden\" name=\"_wpcf7_recaptcha_response\" value=\"\" \/>\n<\/div>\n<p><label> Tu nombre<br \/>\n<input size=\"40\" maxlength=\"400\" class=\"wpcf7-form-control wpcf7-text wpcf7-validates-as-required\" autocomplete=\"name\" aria-required=\"true\" aria-invalid=\"false\" value=\"\" type=\"text\" name=\"your-name\" \/> <\/label>\n<\/p>\n<p><label> Tu correo electr\u00f3nico<br \/>\n<input size=\"40\" maxlength=\"400\" class=\"wpcf7-form-control wpcf7-email wpcf7-validates-as-required wpcf7-text wpcf7-validates-as-email\" autocomplete=\"email\" aria-required=\"true\" aria-invalid=\"false\" value=\"\" type=\"email\" name=\"your-email\" \/> <\/label>\n<\/p>\n<p><label> Tel\u00e9fono<br \/>\n<input size=\"40\" maxlength=\"400\" class=\"wpcf7-form-control wpcf7-text wpcf7-validates-as-required\" aria-required=\"true\" aria-invalid=\"false\" value=\"\" type=\"text\" name=\"your-phone\" \/> <\/label>\n<\/p>\n<p><label> Tu mensaje (opcional)<br \/>\n<textarea cols=\"40\" rows=\"10\" maxlength=\"2000\" class=\"wpcf7-form-control wpcf7-textarea\" aria-invalid=\"false\" name=\"your-message\"><\/textarea> <\/label>\n<\/p>\n<p>DEITEL DIRECT, S.L., como responsable del tratamiento, le informa que sus datos son recabados con la finalidad de atender las consultas realizadas. Cualquier persona tiene derecho a solicitar el acceso, rectificaci\u00f3n, supresi\u00f3n, limitaci\u00f3n del tratamiento, oposici\u00f3n o derecho a la portabilidad de sus datos personales, escribi\u00e9ndonos a la direcci\u00f3n de nuestras oficinas, o enviando un correo electr\u00f3nico a admi@deiteldirect.es, indicando el derecho que desea ejercer. Puede obtener informaci\u00f3n adicional en la Pol\u00edtica de Privacidad de nuestra p\u00e1gina web.\n<\/p>\n<p><input class=\"wpcf7-form-control wpcf7-submit has-spinner\" type=\"submit\" value=\"Enviar\" \/>\n<\/p><div class=\"wpcf7-response-output\" aria-hidden=\"true\"><\/div>\n<\/form>\n<\/div>\n<\/div>\n<\/div>\n","protected":false},"excerpt":{"rendered":"<p>Escuchamos y resolvemos las necesidades de tus clientes a trav\u00e9s de servicios centrados en las personas. En la era de la inteligencia artificial ofrecemos una experiencia humana, personalizada y cercana basada en un gran equipo profesional y en la mejor tecnolog\u00eda digital. Nuestro equipo ofrece una gesti\u00f3n integral y multicanal orientada a proporcionar una experiencia [&hellip;]<\/p>\n","protected":false},"author":1,"featured_media":159,"parent":71,"menu_order":0,"comment_status":"closed","ping_status":"closed","template":"","meta":{"_acf_changed":false,"footnotes":""},"class_list":["post-46","page","type-page","status-publish","has-post-thumbnail","hentry"],"acf":[],"yoast_head":"<!-- This site is optimized with the Yoast SEO plugin v24.8.1 - https:\/\/yoast.com\/wordpress\/plugins\/seo\/ -->\n<title>Contact Center - Deitel Direct<\/title>\n<meta name=\"robots\" content=\"index, follow, max-snippet:-1, max-image-preview:large, max-video-preview:-1\" \/>\n<link rel=\"canonical\" href=\"https:\/\/deiteldirect.es\/es\/servicios\/contact-center\/\" \/>\n<meta property=\"og:locale\" content=\"es_ES\" \/>\n<meta property=\"og:type\" content=\"article\" \/>\n<meta property=\"og:title\" content=\"Contact Center - Deitel Direct\" \/>\n<meta property=\"og:description\" content=\"Escuchamos y resolvemos las necesidades de tus clientes a trav\u00e9s de servicios centrados en las personas. En la era de la inteligencia artificial ofrecemos una experiencia humana, personalizada y cercana basada en un gran equipo profesional y en la mejor tecnolog\u00eda digital. Nuestro equipo ofrece una gesti\u00f3n integral y multicanal orientada a proporcionar una experiencia [&hellip;]\" \/>\n<meta property=\"og:url\" content=\"https:\/\/deiteldirect.es\/es\/servicios\/contact-center\/\" \/>\n<meta property=\"og:site_name\" content=\"Deitel Direct\" \/>\n<meta property=\"article:modified_time\" content=\"2024-12-08T21:11:01+00:00\" \/>\n<meta property=\"og:image\" content=\"https:\/\/deiteldirect.es\/wp-content\/uploads\/2024\/05\/deitel-1488951389.jpg\" \/>\n\t<meta property=\"og:image:width\" content=\"2500\" \/>\n\t<meta property=\"og:image:height\" content=\"1791\" \/>\n\t<meta property=\"og:image:type\" content=\"image\/jpeg\" \/>\n<meta name=\"twitter:card\" content=\"summary_large_image\" \/>\n<meta name=\"twitter:label1\" content=\"Tiempo de lectura\" \/>\n\t<meta name=\"twitter:data1\" content=\"1 minuto\" \/>\n<script type=\"application\/ld+json\" class=\"yoast-schema-graph\">{\"@context\":\"https:\/\/schema.org\",\"@graph\":[{\"@type\":\"WebPage\",\"@id\":\"https:\/\/deiteldirect.es\/es\/servicios\/contact-center\/\",\"url\":\"https:\/\/deiteldirect.es\/es\/servicios\/contact-center\/\",\"name\":\"Contact Center - Deitel Direct\",\"isPartOf\":{\"@id\":\"https:\/\/deiteldirect.es\/es\/#website\"},\"primaryImageOfPage\":{\"@id\":\"https:\/\/deiteldirect.es\/es\/servicios\/contact-center\/#primaryimage\"},\"image\":{\"@id\":\"https:\/\/deiteldirect.es\/es\/servicios\/contact-center\/#primaryimage\"},\"thumbnailUrl\":\"https:\/\/deiteldirect.es\/wp-content\/uploads\/2024\/05\/deitel-1488951389.jpg\",\"datePublished\":\"2024-04-30T06:35:06+00:00\",\"dateModified\":\"2024-12-08T21:11:01+00:00\",\"breadcrumb\":{\"@id\":\"https:\/\/deiteldirect.es\/es\/servicios\/contact-center\/#breadcrumb\"},\"inLanguage\":\"es\",\"potentialAction\":[{\"@type\":\"ReadAction\",\"target\":[\"https:\/\/deiteldirect.es\/es\/servicios\/contact-center\/\"]}]},{\"@type\":\"ImageObject\",\"inLanguage\":\"es\",\"@id\":\"https:\/\/deiteldirect.es\/es\/servicios\/contact-center\/#primaryimage\",\"url\":\"https:\/\/deiteldirect.es\/wp-content\/uploads\/2024\/05\/deitel-1488951389.jpg\",\"contentUrl\":\"https:\/\/deiteldirect.es\/wp-content\/uploads\/2024\/05\/deitel-1488951389.jpg\",\"width\":2500,\"height\":1791,\"caption\":\"Senior woman, call center and consulting in telemarketing, customer service or support at office desk. Happy elderly female consultant smile with headset for marketing, help or consultation advice\"},{\"@type\":\"BreadcrumbList\",\"@id\":\"https:\/\/deiteldirect.es\/es\/servicios\/contact-center\/#breadcrumb\",\"itemListElement\":[{\"@type\":\"ListItem\",\"position\":1,\"name\":\"Portada\",\"item\":\"https:\/\/deiteldirect.es\/es\/\"},{\"@type\":\"ListItem\",\"position\":2,\"name\":\"Servicios\",\"item\":\"https:\/\/deiteldirect.es\/es\/servicios\/\"},{\"@type\":\"ListItem\",\"position\":3,\"name\":\"Contact Center\"}]},{\"@type\":\"WebSite\",\"@id\":\"https:\/\/deiteldirect.es\/es\/#website\",\"url\":\"https:\/\/deiteldirect.es\/es\/\",\"name\":\"Deitel Direct\",\"description\":\"\",\"publisher\":{\"@id\":\"https:\/\/deiteldirect.es\/es\/#organization\"},\"potentialAction\":[{\"@type\":\"SearchAction\",\"target\":{\"@type\":\"EntryPoint\",\"urlTemplate\":\"https:\/\/deiteldirect.es\/es\/?s={search_term_string}\"},\"query-input\":{\"@type\":\"PropertyValueSpecification\",\"valueRequired\":true,\"valueName\":\"search_term_string\"}}],\"inLanguage\":\"es\"},{\"@type\":\"Organization\",\"@id\":\"https:\/\/deiteldirect.es\/es\/#organization\",\"name\":\"Deitel Direct\",\"url\":\"https:\/\/deiteldirect.es\/es\/\",\"logo\":{\"@type\":\"ImageObject\",\"inLanguage\":\"es\",\"@id\":\"https:\/\/deiteldirect.es\/es\/#\/schema\/logo\/image\/\",\"url\":\"https:\/\/deiteldirect.es\/wp-content\/uploads\/2024\/05\/logo.png\",\"contentUrl\":\"https:\/\/deiteldirect.es\/wp-content\/uploads\/2024\/05\/logo.png\",\"width\":1286,\"height\":1286,\"caption\":\"Deitel Direct\"},\"image\":{\"@id\":\"https:\/\/deiteldirect.es\/es\/#\/schema\/logo\/image\/\"},\"sameAs\":[\"https:\/\/www.instagram.com\/deitel.direct\/\",\"https:\/\/es.linkedin.com\/company\/deitel-direct\"]}]}<\/script>\n<!-- \/ Yoast SEO plugin. -->","yoast_head_json":{"title":"Contact Center - Deitel Direct","robots":{"index":"index","follow":"follow","max-snippet":"max-snippet:-1","max-image-preview":"max-image-preview:large","max-video-preview":"max-video-preview:-1"},"canonical":"https:\/\/deiteldirect.es\/es\/servicios\/contact-center\/","og_locale":"es_ES","og_type":"article","og_title":"Contact Center - Deitel Direct","og_description":"Escuchamos y resolvemos las necesidades de tus clientes a trav\u00e9s de servicios centrados en las personas. En la era de la inteligencia artificial ofrecemos una experiencia humana, personalizada y cercana basada en un gran equipo profesional y en la mejor tecnolog\u00eda digital. Nuestro equipo ofrece una gesti\u00f3n integral y multicanal orientada a proporcionar una experiencia [&hellip;]","og_url":"https:\/\/deiteldirect.es\/es\/servicios\/contact-center\/","og_site_name":"Deitel Direct","article_modified_time":"2024-12-08T21:11:01+00:00","og_image":[{"width":2500,"height":1791,"url":"https:\/\/deiteldirect.es\/wp-content\/uploads\/2024\/05\/deitel-1488951389.jpg","type":"image\/jpeg"}],"twitter_card":"summary_large_image","twitter_misc":{"Tiempo de lectura":"1 minuto"},"schema":{"@context":"https:\/\/schema.org","@graph":[{"@type":"WebPage","@id":"https:\/\/deiteldirect.es\/es\/servicios\/contact-center\/","url":"https:\/\/deiteldirect.es\/es\/servicios\/contact-center\/","name":"Contact Center - Deitel Direct","isPartOf":{"@id":"https:\/\/deiteldirect.es\/es\/#website"},"primaryImageOfPage":{"@id":"https:\/\/deiteldirect.es\/es\/servicios\/contact-center\/#primaryimage"},"image":{"@id":"https:\/\/deiteldirect.es\/es\/servicios\/contact-center\/#primaryimage"},"thumbnailUrl":"https:\/\/deiteldirect.es\/wp-content\/uploads\/2024\/05\/deitel-1488951389.jpg","datePublished":"2024-04-30T06:35:06+00:00","dateModified":"2024-12-08T21:11:01+00:00","breadcrumb":{"@id":"https:\/\/deiteldirect.es\/es\/servicios\/contact-center\/#breadcrumb"},"inLanguage":"es","potentialAction":[{"@type":"ReadAction","target":["https:\/\/deiteldirect.es\/es\/servicios\/contact-center\/"]}]},{"@type":"ImageObject","inLanguage":"es","@id":"https:\/\/deiteldirect.es\/es\/servicios\/contact-center\/#primaryimage","url":"https:\/\/deiteldirect.es\/wp-content\/uploads\/2024\/05\/deitel-1488951389.jpg","contentUrl":"https:\/\/deiteldirect.es\/wp-content\/uploads\/2024\/05\/deitel-1488951389.jpg","width":2500,"height":1791,"caption":"Senior woman, call center and consulting in telemarketing, customer service or support at office desk. Happy elderly female consultant smile with headset for marketing, help or consultation advice"},{"@type":"BreadcrumbList","@id":"https:\/\/deiteldirect.es\/es\/servicios\/contact-center\/#breadcrumb","itemListElement":[{"@type":"ListItem","position":1,"name":"Portada","item":"https:\/\/deiteldirect.es\/es\/"},{"@type":"ListItem","position":2,"name":"Servicios","item":"https:\/\/deiteldirect.es\/es\/servicios\/"},{"@type":"ListItem","position":3,"name":"Contact Center"}]},{"@type":"WebSite","@id":"https:\/\/deiteldirect.es\/es\/#website","url":"https:\/\/deiteldirect.es\/es\/","name":"Deitel Direct","description":"","publisher":{"@id":"https:\/\/deiteldirect.es\/es\/#organization"},"potentialAction":[{"@type":"SearchAction","target":{"@type":"EntryPoint","urlTemplate":"https:\/\/deiteldirect.es\/es\/?s={search_term_string}"},"query-input":{"@type":"PropertyValueSpecification","valueRequired":true,"valueName":"search_term_string"}}],"inLanguage":"es"},{"@type":"Organization","@id":"https:\/\/deiteldirect.es\/es\/#organization","name":"Deitel Direct","url":"https:\/\/deiteldirect.es\/es\/","logo":{"@type":"ImageObject","inLanguage":"es","@id":"https:\/\/deiteldirect.es\/es\/#\/schema\/logo\/image\/","url":"https:\/\/deiteldirect.es\/wp-content\/uploads\/2024\/05\/logo.png","contentUrl":"https:\/\/deiteldirect.es\/wp-content\/uploads\/2024\/05\/logo.png","width":1286,"height":1286,"caption":"Deitel Direct"},"image":{"@id":"https:\/\/deiteldirect.es\/es\/#\/schema\/logo\/image\/"},"sameAs":["https:\/\/www.instagram.com\/deitel.direct\/","https:\/\/es.linkedin.com\/company\/deitel-direct"]}]}},"_links":{"self":[{"href":"https:\/\/deiteldirect.es\/es\/wp-json\/wp\/v2\/pages\/46","targetHints":{"allow":["GET"]}}],"collection":[{"href":"https:\/\/deiteldirect.es\/es\/wp-json\/wp\/v2\/pages"}],"about":[{"href":"https:\/\/deiteldirect.es\/es\/wp-json\/wp\/v2\/types\/page"}],"author":[{"embeddable":true,"href":"https:\/\/deiteldirect.es\/es\/wp-json\/wp\/v2\/users\/1"}],"replies":[{"embeddable":true,"href":"https:\/\/deiteldirect.es\/es\/wp-json\/wp\/v2\/comments?post=46"}],"version-history":[{"count":15,"href":"https:\/\/deiteldirect.es\/es\/wp-json\/wp\/v2\/pages\/46\/revisions"}],"predecessor-version":[{"id":278,"href":"https:\/\/deiteldirect.es\/es\/wp-json\/wp\/v2\/pages\/46\/revisions\/278"}],"up":[{"embeddable":true,"href":"https:\/\/deiteldirect.es\/es\/wp-json\/wp\/v2\/pages\/71"}],"wp:featuredmedia":[{"embeddable":true,"href":"https:\/\/deiteldirect.es\/es\/wp-json\/wp\/v2\/media\/159"}],"wp:attachment":[{"href":"https:\/\/deiteldirect.es\/es\/wp-json\/wp\/v2\/media?parent=46"}],"curies":[{"name":"wp","href":"https:\/\/api.w.org\/{rel}","templated":true}]}}