{"id":3,"date":"2024-02-14T16:39:35","date_gmt":"2024-02-14T15:39:35","guid":{"rendered":"https:\/\/deiteldirect.es\/?page_id=3"},"modified":"2024-06-17T15:57:45","modified_gmt":"2024-06-17T13:57:45","slug":"politica-privacidad","status":"publish","type":"page","link":"https:\/\/deiteldirect.es\/es\/politica-privacidad\/","title":{"rendered":"Pol\u00edtica de privacidad"},"content":{"rendered":"\n<p><strong>\u00bfQui\u00e9n es el responsable de sus datos?<\/strong><\/p>\n\n\n\n<p>De acuerdo con lo establecido por la Ley Org\u00e1nica 3\/2018, de 5 de diciembre, de Protecci\u00f3n de Datos Personales y garant\u00eda de los derechos digitales (LOPD) y el Reglamento General de Protecci\u00f3n de Datos (RGPD) de 27 de Abril de 2016, le informamos que los datos personales aportados ser\u00e1n tratados por DEITEL DIRECT, S.L. con CIF B20564720 y domicilio en Portuetxe 53-B, oficina 316 &#8211; 20018, San Sebasti\u00e1n (Gipuzkoa).<\/p>\n\n\n\n<p><strong>\u00bfCu\u00e1les son sus derechos cuando nos facilita sus datos?<\/strong><\/p>\n\n\n\n<p>Cualquier persona tiene derecho a solicitar el acceso, rectificaci\u00f3n, supresi\u00f3n, limitaci\u00f3n del tratamiento, oposici\u00f3n o derecho a la portabilidad de sus datos personales, escribi\u00e9ndonos a la direcci\u00f3n de nuestras oficinas, o enviando un correo electr\u00f3nico a admi@deiteldirect.es, indicando el derecho que desea ejercer.<\/p>\n\n\n\n<p>Tendr\u00e1 derecho igualmente a retirar el consentimiento prestado en cualquier momento. La retirada del consentimiento no afectar\u00e1 a la licitud del tratamiento efectuado antes de la retirada de dicho consentimiento.<\/p>\n\n\n\n<p>Tiene derecho a presentar una reclamaci\u00f3n ante la autoridad de control si considera que pueden haber sido vulnerados sus derechos en lo concerniente a la protecci\u00f3n de sus datos personales.<\/p>\n\n\n\n<h3 class=\"wp-block-heading\">Para contactos<\/h3>\n\n\n\n<p><strong>\u00bfCon qu\u00e9 finalidad tratamos sus datos personales?<\/strong><\/p>\n\n\n\n<p>Los datos aportados por usted son necesarios para poder prestarle con todas las garant\u00edas el servicio solicitado, y ser\u00e1n tratados con las siguientes finalidades: atender las consultas realizadas y gestionar las comunicaciones de la empresa.<\/p>\n\n\n\n<p><strong>\u00bfPor cu\u00e1nto tiempo conservaremos sus datos?<\/strong><\/p>\n\n\n\n<p>Los datos personales proporcionados se conservar\u00e1n mientras se prevea que pueden ser necesarios para contactar con el interesado.<\/p>\n\n\n\n<p><strong>\u00bfCu\u00e1l es la legitimaci\u00f3n para el tratamiento de sus datos?<\/strong><\/p>\n\n\n\n<p>La base legal para el tratamiento de sus datos es el consentimiento del interesado al contactar con nuestra organizaci\u00f3n y el inter\u00e9s leg\u00edtimo del Responsable basado en el art\u00edculo 6f) del RGPD y el art\u00edculo 19 de la LOPD y GDD, siempre referidos a datos de contacto necesarios para su localizaci\u00f3n y para poder relacionarse con las personas a las que se les prestan los servicios.<\/p>\n\n\n\n<p><strong>\u00bfA qu\u00e9 destinatarios se comunicar\u00e1n sus datos?<\/strong><\/p>\n\n\n\n<p>Sus datos no se ceder\u00e1n a terceros salvo obligaci\u00f3n legal.<\/p>\n\n\n\n<h3 class=\"wp-block-heading\">Para solicitantes de empleos<\/h3>\n\n\n\n<p><strong>\u00bfCon qu\u00e9 finalidad tratamos sus datos personales?<\/strong><\/p>\n\n\n\n<p>Los datos aportados por usted ser\u00e1n tratados con la finalidad de llevar a cabo procesos de selecci\u00f3n continua para b\u00fasqueda de nuevos empleados.<\/p>\n\n\n\n<p><strong>\u00bfPor cu\u00e1nto tiempo conservaremos sus datos?<\/strong><\/p>\n\n\n\n<p>Los datos proporcionados se conservar\u00e1n durante un plazo de un a\u00f1o.<\/p>\n\n\n\n<p><strong>\u00bfCu\u00e1l es la legitimaci\u00f3n para el tratamiento de sus datos?<\/strong><\/p>\n\n\n\n<p>Consentimiento del interesado al entregar su curriculum.<\/p>\n\n\n\n<p><strong>\u00bfA qu\u00e9 destinatarios se comunicar\u00e1n sus datos?<\/strong><\/p>\n\n\n\n<p>Sus datos no se ceder\u00e1n a terceros salvo obligaci\u00f3n legal.<\/p>\n","protected":false},"excerpt":{"rendered":"<p>\u00bfQui\u00e9n es el responsable de sus datos? De acuerdo con lo establecido por la Ley Org\u00e1nica 3\/2018, de 5 de diciembre, de Protecci\u00f3n de Datos Personales y garant\u00eda de los derechos digitales (LOPD) y el Reglamento General de Protecci\u00f3n de Datos (RGPD) de 27 de Abril de 2016, le informamos que los datos personales aportados [&hellip;]<\/p>\n","protected":false},"author":1,"featured_media":0,"parent":0,"menu_order":0,"comment_status":"closed","ping_status":"open","template":"","meta":{"_acf_changed":false,"footnotes":""},"class_list":["post-3","page","type-page","status-publish","hentry"],"acf":[],"yoast_head":"<!-- This site is optimized with the Yoast SEO plugin v24.8.1 - https:\/\/yoast.com\/wordpress\/plugins\/seo\/ -->\n<title>Pol\u00edtica de privacidad - Deitel Direct<\/title>\n<meta name=\"robots\" content=\"index, follow, max-snippet:-1, max-image-preview:large, max-video-preview:-1\" \/>\n<link rel=\"canonical\" href=\"https:\/\/deiteldirect.es\/es\/politica-privacidad\/\" \/>\n<meta property=\"og:locale\" content=\"es_ES\" \/>\n<meta property=\"og:type\" content=\"article\" \/>\n<meta property=\"og:title\" content=\"Pol\u00edtica de privacidad - Deitel Direct\" \/>\n<meta property=\"og:description\" content=\"\u00bfQui\u00e9n es el responsable de sus datos? De acuerdo con lo establecido por la Ley Org\u00e1nica 3\/2018, de 5 de diciembre, de Protecci\u00f3n de Datos Personales y garant\u00eda de los derechos digitales (LOPD) y el Reglamento General de Protecci\u00f3n de Datos (RGPD) de 27 de Abril de 2016, le informamos que los datos personales aportados [&hellip;]\" \/>\n<meta property=\"og:url\" content=\"https:\/\/deiteldirect.es\/es\/politica-privacidad\/\" \/>\n<meta property=\"og:site_name\" content=\"Deitel Direct\" \/>\n<meta property=\"article:modified_time\" content=\"2024-06-17T13:57:45+00:00\" \/>\n<meta name=\"twitter:card\" content=\"summary_large_image\" \/>\n<meta name=\"twitter:label1\" content=\"Tiempo de lectura\" \/>\n\t<meta name=\"twitter:data1\" content=\"2 minutos\" \/>\n<script type=\"application\/ld+json\" class=\"yoast-schema-graph\">{\"@context\":\"https:\/\/schema.org\",\"@graph\":[{\"@type\":\"WebPage\",\"@id\":\"https:\/\/deiteldirect.es\/es\/politica-privacidad\/\",\"url\":\"https:\/\/deiteldirect.es\/es\/politica-privacidad\/\",\"name\":\"Pol\u00edtica de privacidad - Deitel Direct\",\"isPartOf\":{\"@id\":\"https:\/\/deiteldirect.es\/es\/#website\"},\"datePublished\":\"2024-02-14T15:39:35+00:00\",\"dateModified\":\"2024-06-17T13:57:45+00:00\",\"breadcrumb\":{\"@id\":\"https:\/\/deiteldirect.es\/es\/politica-privacidad\/#breadcrumb\"},\"inLanguage\":\"es\",\"potentialAction\":[{\"@type\":\"ReadAction\",\"target\":[\"https:\/\/deiteldirect.es\/es\/politica-privacidad\/\"]}]},{\"@type\":\"BreadcrumbList\",\"@id\":\"https:\/\/deiteldirect.es\/es\/politica-privacidad\/#breadcrumb\",\"itemListElement\":[{\"@type\":\"ListItem\",\"position\":1,\"name\":\"Portada\",\"item\":\"https:\/\/deiteldirect.es\/es\/\"},{\"@type\":\"ListItem\",\"position\":2,\"name\":\"Pol\u00edtica de privacidad\"}]},{\"@type\":\"WebSite\",\"@id\":\"https:\/\/deiteldirect.es\/es\/#website\",\"url\":\"https:\/\/deiteldirect.es\/es\/\",\"name\":\"Deitel Direct\",\"description\":\"\",\"publisher\":{\"@id\":\"https:\/\/deiteldirect.es\/es\/#organization\"},\"potentialAction\":[{\"@type\":\"SearchAction\",\"target\":{\"@type\":\"EntryPoint\",\"urlTemplate\":\"https:\/\/deiteldirect.es\/es\/?s={search_term_string}\"},\"query-input\":{\"@type\":\"PropertyValueSpecification\",\"valueRequired\":true,\"valueName\":\"search_term_string\"}}],\"inLanguage\":\"es\"},{\"@type\":\"Organization\",\"@id\":\"https:\/\/deiteldirect.es\/es\/#organization\",\"name\":\"Deitel Direct\",\"url\":\"https:\/\/deiteldirect.es\/es\/\",\"logo\":{\"@type\":\"ImageObject\",\"inLanguage\":\"es\",\"@id\":\"https:\/\/deiteldirect.es\/es\/#\/schema\/logo\/image\/\",\"url\":\"https:\/\/deiteldirect.es\/wp-content\/uploads\/2024\/05\/logo.png\",\"contentUrl\":\"https:\/\/deiteldirect.es\/wp-content\/uploads\/2024\/05\/logo.png\",\"width\":1286,\"height\":1286,\"caption\":\"Deitel Direct\"},\"image\":{\"@id\":\"https:\/\/deiteldirect.es\/es\/#\/schema\/logo\/image\/\"},\"sameAs\":[\"https:\/\/www.instagram.com\/deitel.direct\/\",\"https:\/\/es.linkedin.com\/company\/deitel-direct\"]}]}<\/script>\n<!-- \/ Yoast SEO plugin. -->","yoast_head_json":{"title":"Pol\u00edtica de privacidad - Deitel Direct","robots":{"index":"index","follow":"follow","max-snippet":"max-snippet:-1","max-image-preview":"max-image-preview:large","max-video-preview":"max-video-preview:-1"},"canonical":"https:\/\/deiteldirect.es\/es\/politica-privacidad\/","og_locale":"es_ES","og_type":"article","og_title":"Pol\u00edtica de privacidad - Deitel Direct","og_description":"\u00bfQui\u00e9n es el responsable de sus datos? De acuerdo con lo establecido por la Ley Org\u00e1nica 3\/2018, de 5 de diciembre, de Protecci\u00f3n de Datos Personales y garant\u00eda de los derechos digitales (LOPD) y el Reglamento General de Protecci\u00f3n de Datos (RGPD) de 27 de Abril de 2016, le informamos que los datos personales aportados [&hellip;]","og_url":"https:\/\/deiteldirect.es\/es\/politica-privacidad\/","og_site_name":"Deitel Direct","article_modified_time":"2024-06-17T13:57:45+00:00","twitter_card":"summary_large_image","twitter_misc":{"Tiempo de lectura":"2 minutos"},"schema":{"@context":"https:\/\/schema.org","@graph":[{"@type":"WebPage","@id":"https:\/\/deiteldirect.es\/es\/politica-privacidad\/","url":"https:\/\/deiteldirect.es\/es\/politica-privacidad\/","name":"Pol\u00edtica de privacidad - Deitel Direct","isPartOf":{"@id":"https:\/\/deiteldirect.es\/es\/#website"},"datePublished":"2024-02-14T15:39:35+00:00","dateModified":"2024-06-17T13:57:45+00:00","breadcrumb":{"@id":"https:\/\/deiteldirect.es\/es\/politica-privacidad\/#breadcrumb"},"inLanguage":"es","potentialAction":[{"@type":"ReadAction","target":["https:\/\/deiteldirect.es\/es\/politica-privacidad\/"]}]},{"@type":"BreadcrumbList","@id":"https:\/\/deiteldirect.es\/es\/politica-privacidad\/#breadcrumb","itemListElement":[{"@type":"ListItem","position":1,"name":"Portada","item":"https:\/\/deiteldirect.es\/es\/"},{"@type":"ListItem","position":2,"name":"Pol\u00edtica de privacidad"}]},{"@type":"WebSite","@id":"https:\/\/deiteldirect.es\/es\/#website","url":"https:\/\/deiteldirect.es\/es\/","name":"Deitel Direct","description":"","publisher":{"@id":"https:\/\/deiteldirect.es\/es\/#organization"},"potentialAction":[{"@type":"SearchAction","target":{"@type":"EntryPoint","urlTemplate":"https:\/\/deiteldirect.es\/es\/?s={search_term_string}"},"query-input":{"@type":"PropertyValueSpecification","valueRequired":true,"valueName":"search_term_string"}}],"inLanguage":"es"},{"@type":"Organization","@id":"https:\/\/deiteldirect.es\/es\/#organization","name":"Deitel Direct","url":"https:\/\/deiteldirect.es\/es\/","logo":{"@type":"ImageObject","inLanguage":"es","@id":"https:\/\/deiteldirect.es\/es\/#\/schema\/logo\/image\/","url":"https:\/\/deiteldirect.es\/wp-content\/uploads\/2024\/05\/logo.png","contentUrl":"https:\/\/deiteldirect.es\/wp-content\/uploads\/2024\/05\/logo.png","width":1286,"height":1286,"caption":"Deitel Direct"},"image":{"@id":"https:\/\/deiteldirect.es\/es\/#\/schema\/logo\/image\/"},"sameAs":["https:\/\/www.instagram.com\/deitel.direct\/","https:\/\/es.linkedin.com\/company\/deitel-direct"]}]}},"_links":{"self":[{"href":"https:\/\/deiteldirect.es\/es\/wp-json\/wp\/v2\/pages\/3","targetHints":{"allow":["GET"]}}],"collection":[{"href":"https:\/\/deiteldirect.es\/es\/wp-json\/wp\/v2\/pages"}],"about":[{"href":"https:\/\/deiteldirect.es\/es\/wp-json\/wp\/v2\/types\/page"}],"author":[{"embeddable":true,"href":"https:\/\/deiteldirect.es\/es\/wp-json\/wp\/v2\/users\/1"}],"replies":[{"embeddable":true,"href":"https:\/\/deiteldirect.es\/es\/wp-json\/wp\/v2\/comments?post=3"}],"version-history":[{"count":1,"href":"https:\/\/deiteldirect.es\/es\/wp-json\/wp\/v2\/pages\/3\/revisions"}],"predecessor-version":[{"id":248,"href":"https:\/\/deiteldirect.es\/es\/wp-json\/wp\/v2\/pages\/3\/revisions\/248"}],"wp:attachment":[{"href":"https:\/\/deiteldirect.es\/es\/wp-json\/wp\/v2\/media?parent=3"}],"curies":[{"name":"wp","href":"https:\/\/api.w.org\/{rel}","templated":true}]}}