{"id":283,"date":"2024-12-07T19:11:09","date_gmt":"2024-12-07T18:11:09","guid":{"rendered":"https:\/\/deiteldirect.es\/?page_id=283"},"modified":"2024-12-07T19:11:10","modified_gmt":"2024-12-07T18:11:10","slug":"aviso-legal","status":"publish","type":"page","link":"https:\/\/deiteldirect.es\/es\/aviso-legal\/","title":{"rendered":"Aviso legal"},"content":{"rendered":"\n<h2 class=\"wp-block-heading\">Objeto<\/h2>\n\n\n\n<p>El prestador, responsable del sitio web, pone a disposici\u00f3n de los usuarios el presente documento con el que pretende dar cumplimiento a las obligaciones dispuestas en la Ley 34\/2002, de Servicios de la Sociedad de la Informaci\u00f3n y del Comercio Electr\u00f3nico (LSSI-CE), as\u00ed como informar a todos los usuarios del sitio web respecto a cu\u00e1les son las condiciones de uso del sitio web.<\/p>\n\n\n\n<p>El acceso al sitio web implica sin reservas la aceptaci\u00f3n de las presentes condiciones generales de uso que el usuario afirma comprender en su totalidad. El usuario se compromete a no utilizar el sitio web y los servicios que se ofrecen en el mismo para la realizaci\u00f3n de actividades contrarias a la ley y a respetar en todo momento las presentes condiciones generales. El prestador podr\u00e1 interrumpir en cualquier momento el acceso a su sitio web si detecta un uso contrario a la legalidad, la buena fe o a las presentes condiciones generales.<\/p>\n\n\n\n<p>El prestador se reserva el derecho a modificar cualquier tipo de informaci\u00f3n que pudiera aparecer en el sitio web, sin que exista obligaci\u00f3n de preavisar o poner en conocimiento de los usuarios dichas obligaciones, entendi\u00e9ndose como suficiente con la publicaci\u00f3n en el sitio web del prestador.<\/p>\n\n\n\n<h2 class=\"wp-block-heading\">Sobre el prestador<\/h2>\n\n\n\n<p>El prestador responsable del sitio web ofrece a los usuarios de este sus datos identificativos a fin de mejorar la confianza del usuario y de las relaciones con \u00e9ste.&nbsp;<\/p>\n\n\n\n<p>Denominaci\u00f3n Social: DEITEL DIRECT, S.L.<br>Nombre comercial: DEITEL DIRECT<br>Direcci\u00f3n:\u00a0\u00a0Portuetxe 53 B, oficina 316<br>CIf:\u00a0\u00a0B20564720<br>Tel\u00e9fono:\u00a0\u00a0943293422<br>e-Mail:\u00a0\u00a0admi@deiteldirect.es<br>Nombre de dominio:\u00a0\u00a0https:\/\/deiteldirect.es\/<br>Sociedad Inscrita en el Reg. Merc. de Gipuzkoa, T.:1.591, H.:SS11.721, F.:123, Inscripci\u00f3n primera.<\/p>\n\n\n\n<h2 class=\"wp-block-heading\">Direcciones IP<\/h2>\n\n\n\n<p>Los servidores del sitio web podr\u00e1n detectar de manera autom\u00e1tica la direcci\u00f3n IP y el nombre de dominio utilizados por el usuario. Una direcci\u00f3n IP es un n\u00famero asignado autom\u00e1ticamente a un ordenador cuando \u00e9sta se conecta a Internet. Toda esta informaci\u00f3n es registrada en un fichero de actividad del servidor debidamente inscrito que permite el posterior procesamiento de los datos con el fin de obtener mediciones \u00fanicamente estad\u00edsticas que permitan conocer el n\u00famero de impresiones de p\u00e1ginas, el n\u00famero de visitas realizadas a los servicios web, el orden de visitas, el punto de acceso, etc.<\/p>\n\n\n\n<h2 class=\"wp-block-heading\">Seguridad<\/h2>\n\n\n\n<p>El prestador ha adoptado todas las medidas t\u00e9cnicas y organizativas necesarias para garantizar la seguridad e integridad de los datos de car\u00e1cter personal que trate, as\u00ed como para evitar su p\u00e9rdida, alteraci\u00f3n y\/o acceso por parte de terceros no autorizados. El sitio web utiliza t\u00e9cnicas de seguridad de la informaci\u00f3n generalmente aceptadas en la industria, tales como firewalls, procedimientos de control de acceso y mecanismos criptogr\u00e1ficos, todo ello con el objeto de evitar el acceso no autorizado a los datos. Para lograr estos fines, el usuario\/cliente acepta que el prestador obtenga datos para efectos de la correspondiente autenticaci\u00f3n de los controles de acceso.<\/p>\n\n\n\n<h2 class=\"wp-block-heading\">Responsabilidad<\/h2>\n\n\n\n<p>El prestador se exime de cualquier tipo de responsabilidad derivada de la informaci\u00f3n publicada en su sitio web, siempre que esta informaci\u00f3n haya sido manipulada o introducida por un tercero ajeno al mismo (por ejemplo, en foros, chats, blogs, comentarios, etc). No obstante, y en cumplimiento de lo dispuesto en la LSSI-CE, el prestador se pone a disposici\u00f3n de todos los usuarios, autoridades y fuerzas de seguridad, para retirar o en su caso bloquear todos aquellos contenidos que pudieran afectar o contravenir la legislaci\u00f3n nacional, o internacional, derechos de terceros o la moral y el orden p\u00fablico, poniendo los hechos en conocimiento de las autoridades competentes si fuese necesario.<\/p>\n\n\n\n<p>En caso de que el usuario considere que existe en el sitio web alg\u00fan contenido que pudiera ser susceptible de esta clasificaci\u00f3n, se ruega lo notifique de forma inmediata al administrador del sitio web.<\/p>\n\n\n\n<p>Este sitio web ha sido revisado y probado para que funcione correctamente. En principio, puede garantizarse el correcto funcionamiento los 365 d\u00edas del a\u00f1o, 24 horas al d\u00eda. No obstante, el prestador no descarta la posibilidad de que existan ciertos errores de programaci\u00f3n, o que acontezcan causas de fuerza mayor, cat\u00e1strofes naturales, huelgas, o circunstancias semejantes que hagan imposible el acceso a la p\u00e1gina web.<\/p>\n\n\n\n<h2 class=\"wp-block-heading\">Propiedad intelectual e industrial<\/h2>\n\n\n\n<p>El sitio web, incluyendo a t\u00edtulo enunciativo, pero no limitativo su programaci\u00f3n, edici\u00f3n, compilaci\u00f3n y dem\u00e1s elementos necesarios para su funcionamiento, los dise\u00f1os, logotipos, texto y\/o gr\u00e1ficos son propiedad del prestador del servicio o en su caso dispone de licencia o autorizaci\u00f3n expresa por parte de los autores. Todos los contenidos del sitio web se encuentran debidamente protegidos por la normativa de propiedad intelectual e industrial, as\u00ed como inscritos en los registros p\u00fablicos correspondientes. La reproducci\u00f3n total o parcial, uso, explotaci\u00f3n, distribuci\u00f3n y comercializaci\u00f3n, requiere en todo caso de la autorizaci\u00f3n escrita previa por parte del prestador. Cualquier uso no autorizado previamente por parte del autor ser\u00e1 considerado un incumplimiento grave de los derechos de propiedad intelectual o industrial del autor.<\/p>\n\n\n\n<p>Los dise\u00f1os, logotipos, texto y\/o gr\u00e1ficos ajenos al prestador y que pudieran aparecer en el sitio web, pertenecen a sus respectivos propietarios, siendo ellos mismos responsables de cualquier posible controversia que pudiera suscitarse respecto a los mismos. El prestador reconoce a favor de sus titulares los correspondientes derechos de propiedad industrial e intelectual, no implicando su sola menci\u00f3n o aparici\u00f3n en el sitio web la existencia de derechos o responsabilidad alguna del prestador sobre los mismos, como tampoco respaldo, patrocinio o recomendaci\u00f3n por parte del mismo.<\/p>\n\n\n\n<h2 class=\"wp-block-heading\">Ley aplicable y Jurisdicci\u00f3n<\/h2>\n\n\n\n<p>Para la resoluci\u00f3n de todas las controversias o cuestiones relacionadas con el presente sitio web o de las actividades en \u00e9l desarrolladas, ser\u00e1 de aplicaci\u00f3n la legislaci\u00f3n espa\u00f1ola, a la que se someten expresamente las partes, siendo competentes para la resoluci\u00f3n de todos los conflictos derivados o relacionados con su uso los Juzgados y Tribunales de Donostia\/ San Sebasti\u00e1n (Gipuzkoa).<\/p>\n","protected":false},"excerpt":{"rendered":"<p>Objeto El prestador, responsable del sitio web, pone a disposici\u00f3n de los usuarios el presente documento con el que pretende dar cumplimiento a las obligaciones dispuestas en la Ley 34\/2002, de Servicios de la Sociedad de la Informaci\u00f3n y del Comercio Electr\u00f3nico (LSSI-CE), as\u00ed como informar a todos los usuarios del sitio web respecto a [&hellip;]<\/p>\n","protected":false},"author":1,"featured_media":0,"parent":0,"menu_order":0,"comment_status":"closed","ping_status":"closed","template":"","meta":{"_acf_changed":false,"footnotes":""},"class_list":["post-283","page","type-page","status-publish","hentry"],"acf":[],"yoast_head":"<!-- This site is optimized with the Yoast SEO plugin v24.8.1 - https:\/\/yoast.com\/wordpress\/plugins\/seo\/ -->\n<title>Aviso legal - Deitel Direct<\/title>\n<meta name=\"robots\" content=\"index, follow, max-snippet:-1, max-image-preview:large, max-video-preview:-1\" \/>\n<link rel=\"canonical\" href=\"https:\/\/deiteldirect.es\/es\/aviso-legal\/\" \/>\n<meta property=\"og:locale\" content=\"es_ES\" \/>\n<meta property=\"og:type\" content=\"article\" \/>\n<meta property=\"og:title\" content=\"Aviso legal - Deitel Direct\" \/>\n<meta property=\"og:description\" content=\"Objeto El prestador, responsable del sitio web, pone a disposici\u00f3n de los usuarios el presente documento con el que pretende dar cumplimiento a las obligaciones dispuestas en la Ley 34\/2002, de Servicios de la Sociedad de la Informaci\u00f3n y del Comercio Electr\u00f3nico (LSSI-CE), as\u00ed como informar a todos los usuarios del sitio web respecto a [&hellip;]\" \/>\n<meta property=\"og:url\" content=\"https:\/\/deiteldirect.es\/es\/aviso-legal\/\" \/>\n<meta property=\"og:site_name\" content=\"Deitel Direct\" \/>\n<meta property=\"article:modified_time\" content=\"2024-12-07T18:11:10+00:00\" \/>\n<meta name=\"twitter:card\" content=\"summary_large_image\" \/>\n<meta name=\"twitter:label1\" content=\"Tiempo de lectura\" \/>\n\t<meta name=\"twitter:data1\" content=\"5 minutos\" \/>\n<script type=\"application\/ld+json\" class=\"yoast-schema-graph\">{\"@context\":\"https:\/\/schema.org\",\"@graph\":[{\"@type\":\"WebPage\",\"@id\":\"https:\/\/deiteldirect.es\/es\/aviso-legal\/\",\"url\":\"https:\/\/deiteldirect.es\/es\/aviso-legal\/\",\"name\":\"Aviso legal - Deitel Direct\",\"isPartOf\":{\"@id\":\"https:\/\/deiteldirect.es\/es\/#website\"},\"datePublished\":\"2024-12-07T18:11:09+00:00\",\"dateModified\":\"2024-12-07T18:11:10+00:00\",\"breadcrumb\":{\"@id\":\"https:\/\/deiteldirect.es\/es\/aviso-legal\/#breadcrumb\"},\"inLanguage\":\"es\",\"potentialAction\":[{\"@type\":\"ReadAction\",\"target\":[\"https:\/\/deiteldirect.es\/es\/aviso-legal\/\"]}]},{\"@type\":\"BreadcrumbList\",\"@id\":\"https:\/\/deiteldirect.es\/es\/aviso-legal\/#breadcrumb\",\"itemListElement\":[{\"@type\":\"ListItem\",\"position\":1,\"name\":\"Portada\",\"item\":\"https:\/\/deiteldirect.es\/es\/\"},{\"@type\":\"ListItem\",\"position\":2,\"name\":\"Aviso legal\"}]},{\"@type\":\"WebSite\",\"@id\":\"https:\/\/deiteldirect.es\/es\/#website\",\"url\":\"https:\/\/deiteldirect.es\/es\/\",\"name\":\"Deitel Direct\",\"description\":\"\",\"publisher\":{\"@id\":\"https:\/\/deiteldirect.es\/es\/#organization\"},\"potentialAction\":[{\"@type\":\"SearchAction\",\"target\":{\"@type\":\"EntryPoint\",\"urlTemplate\":\"https:\/\/deiteldirect.es\/es\/?s={search_term_string}\"},\"query-input\":{\"@type\":\"PropertyValueSpecification\",\"valueRequired\":true,\"valueName\":\"search_term_string\"}}],\"inLanguage\":\"es\"},{\"@type\":\"Organization\",\"@id\":\"https:\/\/deiteldirect.es\/es\/#organization\",\"name\":\"Deitel Direct\",\"url\":\"https:\/\/deiteldirect.es\/es\/\",\"logo\":{\"@type\":\"ImageObject\",\"inLanguage\":\"es\",\"@id\":\"https:\/\/deiteldirect.es\/es\/#\/schema\/logo\/image\/\",\"url\":\"https:\/\/deiteldirect.es\/wp-content\/uploads\/2024\/05\/logo.png\",\"contentUrl\":\"https:\/\/deiteldirect.es\/wp-content\/uploads\/2024\/05\/logo.png\",\"width\":1286,\"height\":1286,\"caption\":\"Deitel Direct\"},\"image\":{\"@id\":\"https:\/\/deiteldirect.es\/es\/#\/schema\/logo\/image\/\"},\"sameAs\":[\"https:\/\/www.instagram.com\/deitel.direct\/\",\"https:\/\/es.linkedin.com\/company\/deitel-direct\"]}]}<\/script>\n<!-- \/ Yoast SEO plugin. -->","yoast_head_json":{"title":"Aviso legal - Deitel Direct","robots":{"index":"index","follow":"follow","max-snippet":"max-snippet:-1","max-image-preview":"max-image-preview:large","max-video-preview":"max-video-preview:-1"},"canonical":"https:\/\/deiteldirect.es\/es\/aviso-legal\/","og_locale":"es_ES","og_type":"article","og_title":"Aviso legal - Deitel Direct","og_description":"Objeto El prestador, responsable del sitio web, pone a disposici\u00f3n de los usuarios el presente documento con el que pretende dar cumplimiento a las obligaciones dispuestas en la Ley 34\/2002, de Servicios de la Sociedad de la Informaci\u00f3n y del Comercio Electr\u00f3nico (LSSI-CE), as\u00ed como informar a todos los usuarios del sitio web respecto a [&hellip;]","og_url":"https:\/\/deiteldirect.es\/es\/aviso-legal\/","og_site_name":"Deitel Direct","article_modified_time":"2024-12-07T18:11:10+00:00","twitter_card":"summary_large_image","twitter_misc":{"Tiempo de lectura":"5 minutos"},"schema":{"@context":"https:\/\/schema.org","@graph":[{"@type":"WebPage","@id":"https:\/\/deiteldirect.es\/es\/aviso-legal\/","url":"https:\/\/deiteldirect.es\/es\/aviso-legal\/","name":"Aviso legal - Deitel Direct","isPartOf":{"@id":"https:\/\/deiteldirect.es\/es\/#website"},"datePublished":"2024-12-07T18:11:09+00:00","dateModified":"2024-12-07T18:11:10+00:00","breadcrumb":{"@id":"https:\/\/deiteldirect.es\/es\/aviso-legal\/#breadcrumb"},"inLanguage":"es","potentialAction":[{"@type":"ReadAction","target":["https:\/\/deiteldirect.es\/es\/aviso-legal\/"]}]},{"@type":"BreadcrumbList","@id":"https:\/\/deiteldirect.es\/es\/aviso-legal\/#breadcrumb","itemListElement":[{"@type":"ListItem","position":1,"name":"Portada","item":"https:\/\/deiteldirect.es\/es\/"},{"@type":"ListItem","position":2,"name":"Aviso legal"}]},{"@type":"WebSite","@id":"https:\/\/deiteldirect.es\/es\/#website","url":"https:\/\/deiteldirect.es\/es\/","name":"Deitel Direct","description":"","publisher":{"@id":"https:\/\/deiteldirect.es\/es\/#organization"},"potentialAction":[{"@type":"SearchAction","target":{"@type":"EntryPoint","urlTemplate":"https:\/\/deiteldirect.es\/es\/?s={search_term_string}"},"query-input":{"@type":"PropertyValueSpecification","valueRequired":true,"valueName":"search_term_string"}}],"inLanguage":"es"},{"@type":"Organization","@id":"https:\/\/deiteldirect.es\/es\/#organization","name":"Deitel Direct","url":"https:\/\/deiteldirect.es\/es\/","logo":{"@type":"ImageObject","inLanguage":"es","@id":"https:\/\/deiteldirect.es\/es\/#\/schema\/logo\/image\/","url":"https:\/\/deiteldirect.es\/wp-content\/uploads\/2024\/05\/logo.png","contentUrl":"https:\/\/deiteldirect.es\/wp-content\/uploads\/2024\/05\/logo.png","width":1286,"height":1286,"caption":"Deitel Direct"},"image":{"@id":"https:\/\/deiteldirect.es\/es\/#\/schema\/logo\/image\/"},"sameAs":["https:\/\/www.instagram.com\/deitel.direct\/","https:\/\/es.linkedin.com\/company\/deitel-direct"]}]}},"_links":{"self":[{"href":"https:\/\/deiteldirect.es\/es\/wp-json\/wp\/v2\/pages\/283","targetHints":{"allow":["GET"]}}],"collection":[{"href":"https:\/\/deiteldirect.es\/es\/wp-json\/wp\/v2\/pages"}],"about":[{"href":"https:\/\/deiteldirect.es\/es\/wp-json\/wp\/v2\/types\/page"}],"author":[{"embeddable":true,"href":"https:\/\/deiteldirect.es\/es\/wp-json\/wp\/v2\/users\/1"}],"replies":[{"embeddable":true,"href":"https:\/\/deiteldirect.es\/es\/wp-json\/wp\/v2\/comments?post=283"}],"version-history":[{"count":1,"href":"https:\/\/deiteldirect.es\/es\/wp-json\/wp\/v2\/pages\/283\/revisions"}],"predecessor-version":[{"id":284,"href":"https:\/\/deiteldirect.es\/es\/wp-json\/wp\/v2\/pages\/283\/revisions\/284"}],"wp:attachment":[{"href":"https:\/\/deiteldirect.es\/es\/wp-json\/wp\/v2\/media?parent=283"}],"curies":[{"name":"wp","href":"https:\/\/api.w.org\/{rel}","templated":true}]}}