{"id":2,"date":"2024-02-14T16:39:35","date_gmt":"2024-02-14T15:39:35","guid":{"rendered":"https:\/\/deiteldirect.es\/?page_id=2"},"modified":"2025-04-03T11:04:33","modified_gmt":"2025-04-03T09:04:33","slug":"deitel-direct-servicios-de-contact-center","status":"publish","type":"page","link":"https:\/\/deiteldirect.es\/es\/","title":{"rendered":"P\u00e1gina de inicio"},"content":{"rendered":"\n<div class=\"wp-block-cover alignfull is-light\" style=\"min-height:100vh;aspect-ratio:unset;\"><span aria-hidden=\"true\" class=\"wp-block-cover__background has-secondary-background-color has-background-dim\"><\/span><img loading=\"lazy\" decoding=\"async\" width=\"2560\" height=\"1743\" class=\"wp-block-cover__image-background wp-image-155\" alt=\"\" src=\"https:\/\/deiteldirect.es\/wp-content\/uploads\/2024\/05\/deitel-1180187740-scaled.jpg\" data-object-fit=\"cover\" srcset=\"https:\/\/deiteldirect.es\/wp-content\/uploads\/2024\/05\/deitel-1180187740-scaled.jpg 2560w, https:\/\/deiteldirect.es\/wp-content\/uploads\/2024\/05\/deitel-1180187740-300x204.jpg 300w, https:\/\/deiteldirect.es\/wp-content\/uploads\/2024\/05\/deitel-1180187740-1024x697.jpg 1024w, https:\/\/deiteldirect.es\/wp-content\/uploads\/2024\/05\/deitel-1180187740-768x523.jpg 768w, https:\/\/deiteldirect.es\/wp-content\/uploads\/2024\/05\/deitel-1180187740-1536x1046.jpg 1536w, https:\/\/deiteldirect.es\/wp-content\/uploads\/2024\/05\/deitel-1180187740-2048x1394.jpg 2048w\" sizes=\"auto, (max-width: 2560px) 100vw, 2560px\" \/><div class=\"wp-block-cover__inner-container is-layout-constrained wp-block-cover-is-layout-constrained\">\n<div class=\"wp-block-group alignwide is-vertical is-layout-flex wp-container-core-group-is-layout-8cf370e7 wp-block-group-is-layout-flex\">\n<p class=\"has-text-align-left has-light-color has-text-color has-link-color has-large-font-size wp-elements-103beac2666f16d5e8c6ea80fa0cdadc\">Mensajes que importan, <br>atenci\u00f3n que cuenta<\/p>\n\n\n\n<div class=\"wp-block-buttons is-layout-flex wp-block-buttons-is-layout-flex\">\n<div class=\"wp-block-button\"><a class=\"wp-block-button__link wp-element-button\" href=\"https:\/\/deiteldirect.es\/servicios\/\">Conoce nuestros servicios<\/a><\/div>\n<\/div>\n<\/div>\n<\/div><\/div>\n\n\n\n<div class=\"wp-block-group alignwide is-layout-constrained wp-block-group-is-layout-constrained\" style=\"padding-top:var(--wp--preset--spacing--80);padding-bottom:var(--wp--preset--spacing--80)\">\n<h2 class=\"wp-block-heading has-text-align-center\" style=\"padding-top:var(--wp--preset--spacing--40);padding-bottom:var(--wp--preset--spacing--40)\">Servicios<\/h2>\n\n\n\n<div class=\"wp-block-group alignwide is-layout-constrained wp-block-group-is-layout-constrained\" style=\"padding-top:0;padding-bottom:0\">\n<div class=\"wp-block-query alignwide is-layout-flow wp-block-query-is-layout-flow\"><ul class=\"columns-3 wp-block-post-template is-layout-grid wp-container-core-post-template-is-layout-2fc57c17 wp-block-post-template-is-layout-grid\"><li class=\"wp-block-post post-46 page type-page status-publish has-post-thumbnail hentry\">\n<figure style=\"aspect-ratio:4\/3;\" class=\"wp-block-post-featured-image\"><a href=\"https:\/\/deiteldirect.es\/es\/servicios\/contact-center\/\" target=\"_self\"  ><img loading=\"lazy\" decoding=\"async\" width=\"2500\" height=\"1791\" src=\"https:\/\/deiteldirect.es\/wp-content\/uploads\/2024\/05\/deitel-1488951389.jpg\" class=\"attachment-post-thumbnail size-post-thumbnail wp-post-image\" alt=\"Contact Center\" style=\"width:100%;height:100%;object-fit:cover;\" srcset=\"https:\/\/deiteldirect.es\/wp-content\/uploads\/2024\/05\/deitel-1488951389.jpg 2500w, https:\/\/deiteldirect.es\/wp-content\/uploads\/2024\/05\/deitel-1488951389-300x215.jpg 300w, https:\/\/deiteldirect.es\/wp-content\/uploads\/2024\/05\/deitel-1488951389-1024x734.jpg 1024w, https:\/\/deiteldirect.es\/wp-content\/uploads\/2024\/05\/deitel-1488951389-768x550.jpg 768w, https:\/\/deiteldirect.es\/wp-content\/uploads\/2024\/05\/deitel-1488951389-1536x1100.jpg 1536w, https:\/\/deiteldirect.es\/wp-content\/uploads\/2024\/05\/deitel-1488951389-2048x1467.jpg 2048w\" sizes=\"auto, (max-width: 2500px) 100vw, 2500px\" \/><\/a><\/figure>\n\n<h2 class=\"wp-block-post-title has-medium-large-font-size\"><a href=\"https:\/\/deiteldirect.es\/es\/servicios\/contact-center\/\" target=\"_self\" >Contact Center<\/a><\/h2>\n<\/li><li class=\"wp-block-post post-60 page type-page status-publish has-post-thumbnail hentry\">\n<figure style=\"aspect-ratio:4\/3;\" class=\"wp-block-post-featured-image\"><a href=\"https:\/\/deiteldirect.es\/es\/servicios\/servicios-presenciales-de-informacion-y-atencion\/\" target=\"_self\"  ><img loading=\"lazy\" decoding=\"async\" width=\"2500\" height=\"1667\" src=\"https:\/\/deiteldirect.es\/wp-content\/uploads\/2024\/05\/deitel-915226362.jpg\" class=\"attachment-post-thumbnail size-post-thumbnail wp-post-image\" alt=\"Servicios presenciales de informaci\u00f3n y atenci\u00f3n\" style=\"width:100%;height:100%;object-fit:cover;\" srcset=\"https:\/\/deiteldirect.es\/wp-content\/uploads\/2024\/05\/deitel-915226362.jpg 2500w, https:\/\/deiteldirect.es\/wp-content\/uploads\/2024\/05\/deitel-915226362-300x200.jpg 300w, https:\/\/deiteldirect.es\/wp-content\/uploads\/2024\/05\/deitel-915226362-1024x683.jpg 1024w, https:\/\/deiteldirect.es\/wp-content\/uploads\/2024\/05\/deitel-915226362-768x512.jpg 768w, https:\/\/deiteldirect.es\/wp-content\/uploads\/2024\/05\/deitel-915226362-1536x1024.jpg 1536w, https:\/\/deiteldirect.es\/wp-content\/uploads\/2024\/05\/deitel-915226362-2048x1366.jpg 2048w\" sizes=\"auto, (max-width: 2500px) 100vw, 2500px\" \/><\/a><\/figure>\n\n<h2 class=\"wp-block-post-title has-medium-large-font-size\"><a href=\"https:\/\/deiteldirect.es\/es\/servicios\/servicios-presenciales-de-informacion-y-atencion\/\" target=\"_self\" >Servicios presenciales de informaci\u00f3n y atenci\u00f3n<\/a><\/h2>\n<\/li><li class=\"wp-block-post post-65 page type-page status-publish has-post-thumbnail hentry\">\n<figure style=\"aspect-ratio:4\/3;\" class=\"wp-block-post-featured-image\"><a href=\"https:\/\/deiteldirect.es\/es\/servicios\/bpo-business-process-outsourcing\/\" target=\"_self\"  ><img loading=\"lazy\" decoding=\"async\" width=\"2500\" height=\"1669\" src=\"https:\/\/deiteldirect.es\/wp-content\/uploads\/2024\/05\/deitel-1059088660-1.jpg\" class=\"attachment-post-thumbnail size-post-thumbnail wp-post-image\" alt=\"BPO &#8211; Business Process Outsourcing\" style=\"width:100%;height:100%;object-fit:cover;\" srcset=\"https:\/\/deiteldirect.es\/wp-content\/uploads\/2024\/05\/deitel-1059088660-1.jpg 2500w, https:\/\/deiteldirect.es\/wp-content\/uploads\/2024\/05\/deitel-1059088660-1-300x200.jpg 300w, https:\/\/deiteldirect.es\/wp-content\/uploads\/2024\/05\/deitel-1059088660-1-1024x684.jpg 1024w, https:\/\/deiteldirect.es\/wp-content\/uploads\/2024\/05\/deitel-1059088660-1-768x513.jpg 768w, https:\/\/deiteldirect.es\/wp-content\/uploads\/2024\/05\/deitel-1059088660-1-1536x1025.jpg 1536w, https:\/\/deiteldirect.es\/wp-content\/uploads\/2024\/05\/deitel-1059088660-1-2048x1367.jpg 2048w\" sizes=\"auto, (max-width: 2500px) 100vw, 2500px\" \/><\/a><\/figure>\n\n<h2 class=\"wp-block-post-title has-medium-large-font-size\"><a href=\"https:\/\/deiteldirect.es\/es\/servicios\/bpo-business-process-outsourcing\/\" target=\"_self\" >BPO &#8211; Business Process Outsourcing<\/a><\/h2>\n<\/li><\/ul><\/div>\n\n\n\n<div class=\"wp-block-buttons is-content-justification-center is-layout-flex wp-container-core-buttons-is-layout-f6d9c94a wp-block-buttons-is-layout-flex\" style=\"margin-top:var(--wp--preset--spacing--80);margin-bottom:var(--wp--preset--spacing--80)\">\n<div class=\"wp-block-button\"><a class=\"wp-block-button__link wp-element-button\" href=\"https:\/\/deiteldirect.es\/servicios\/\">Ver todos los servicios<\/a><\/div>\n<\/div>\n<\/div>\n<\/div>\n","protected":false},"excerpt":{"rendered":"<p>Servicios<\/p>\n","protected":false},"author":1,"featured_media":0,"parent":0,"menu_order":0,"comment_status":"closed","ping_status":"closed","template":"","meta":{"_acf_changed":false,"footnotes":""},"class_list":["post-2","page","type-page","status-publish","hentry"],"acf":[],"yoast_head":"<!-- This site is optimized with the Yoast SEO plugin v24.8.1 - https:\/\/yoast.com\/wordpress\/plugins\/seo\/ -->\n<title>P\u00e1gina de inicio - Deitel Direct<\/title>\n<meta name=\"description\" content=\"Servicios de Contact Center, presenciales de informaci\u00f3n y atenci\u00f3n, BPO, Estudios de opini\u00f3nEstudios de opini\u00f3n y participaci\u00f3n ciudadana\" \/>\n<meta name=\"robots\" content=\"index, follow, max-snippet:-1, max-image-preview:large, max-video-preview:-1\" \/>\n<link rel=\"canonical\" href=\"https:\/\/deiteldirect.es\/es\/\" \/>\n<meta property=\"og:locale\" content=\"es_ES\" \/>\n<meta property=\"og:type\" content=\"article\" \/>\n<meta property=\"og:title\" content=\"P\u00e1gina de inicio - Deitel Direct\" \/>\n<meta property=\"og:description\" content=\"Servicios de Contact Center, presenciales de informaci\u00f3n y atenci\u00f3n, BPO, Estudios de opini\u00f3nEstudios de opini\u00f3n y participaci\u00f3n ciudadana\" \/>\n<meta property=\"og:url\" content=\"https:\/\/deiteldirect.es\/es\/\" \/>\n<meta property=\"og:site_name\" content=\"Deitel Direct\" \/>\n<meta property=\"article:modified_time\" content=\"2025-04-03T09:04:33+00:00\" \/>\n<meta property=\"og:image\" content=\"https:\/\/deiteldirect.es\/wp-content\/uploads\/2024\/05\/deitel-1180187740-scaled.jpg\" \/>\n\t<meta property=\"og:image:width\" content=\"2560\" \/>\n\t<meta property=\"og:image:height\" content=\"1743\" \/>\n\t<meta property=\"og:image:type\" content=\"image\/jpeg\" \/>\n<meta name=\"twitter:card\" content=\"summary_large_image\" \/>\n<meta name=\"twitter:label1\" content=\"Tiempo de lectura\" \/>\n\t<meta name=\"twitter:data1\" content=\"1 minuto\" \/>\n<script type=\"application\/ld+json\" class=\"yoast-schema-graph\">{\"@context\":\"https:\/\/schema.org\",\"@graph\":[{\"@type\":\"WebPage\",\"@id\":\"https:\/\/deiteldirect.es\/es\/\",\"url\":\"https:\/\/deiteldirect.es\/es\/\",\"name\":\"P\u00e1gina de inicio - Deitel Direct\",\"isPartOf\":{\"@id\":\"https:\/\/deiteldirect.es\/es\/#website\"},\"primaryImageOfPage\":{\"@id\":\"https:\/\/deiteldirect.es\/es\/#primaryimage\"},\"image\":{\"@id\":\"https:\/\/deiteldirect.es\/es\/#primaryimage\"},\"thumbnailUrl\":\"https:\/\/deiteldirect.es\/wp-content\/uploads\/2024\/05\/deitel-1180187740-scaled.jpg\",\"datePublished\":\"2024-02-14T15:39:35+00:00\",\"dateModified\":\"2025-04-03T09:04:33+00:00\",\"description\":\"Servicios de Contact Center, presenciales de informaci\u00f3n y atenci\u00f3n, BPO, Estudios de opini\u00f3nEstudios de opini\u00f3n y participaci\u00f3n ciudadana\",\"breadcrumb\":{\"@id\":\"https:\/\/deiteldirect.es\/es\/#breadcrumb\"},\"inLanguage\":\"es\",\"potentialAction\":[{\"@type\":\"ReadAction\",\"target\":[\"https:\/\/deiteldirect.es\/es\/\"]}]},{\"@type\":\"ImageObject\",\"inLanguage\":\"es\",\"@id\":\"https:\/\/deiteldirect.es\/es\/#primaryimage\",\"url\":\"https:\/\/deiteldirect.es\/wp-content\/uploads\/2024\/05\/deitel-1180187740-scaled.jpg\",\"contentUrl\":\"https:\/\/deiteldirect.es\/wp-content\/uploads\/2024\/05\/deitel-1180187740-scaled.jpg\"},{\"@type\":\"BreadcrumbList\",\"@id\":\"https:\/\/deiteldirect.es\/es\/#breadcrumb\",\"itemListElement\":[{\"@type\":\"ListItem\",\"position\":1,\"name\":\"Portada\",\"item\":\"https:\/\/deiteldirect.es\/es\/\"},{\"@type\":\"ListItem\",\"position\":2,\"name\":\"P\u00e1gina de inicio\"}]},{\"@type\":\"WebSite\",\"@id\":\"https:\/\/deiteldirect.es\/es\/#website\",\"url\":\"https:\/\/deiteldirect.es\/es\/\",\"name\":\"Deitel Direct\",\"description\":\"\",\"publisher\":{\"@id\":\"https:\/\/deiteldirect.es\/es\/#organization\"},\"potentialAction\":[{\"@type\":\"SearchAction\",\"target\":{\"@type\":\"EntryPoint\",\"urlTemplate\":\"https:\/\/deiteldirect.es\/es\/?s={search_term_string}\"},\"query-input\":{\"@type\":\"PropertyValueSpecification\",\"valueRequired\":true,\"valueName\":\"search_term_string\"}}],\"inLanguage\":\"es\"},{\"@type\":\"Organization\",\"@id\":\"https:\/\/deiteldirect.es\/es\/#organization\",\"name\":\"Deitel Direct\",\"url\":\"https:\/\/deiteldirect.es\/es\/\",\"logo\":{\"@type\":\"ImageObject\",\"inLanguage\":\"es\",\"@id\":\"https:\/\/deiteldirect.es\/es\/#\/schema\/logo\/image\/\",\"url\":\"https:\/\/deiteldirect.es\/wp-content\/uploads\/2024\/05\/logo.png\",\"contentUrl\":\"https:\/\/deiteldirect.es\/wp-content\/uploads\/2024\/05\/logo.png\",\"width\":1286,\"height\":1286,\"caption\":\"Deitel Direct\"},\"image\":{\"@id\":\"https:\/\/deiteldirect.es\/es\/#\/schema\/logo\/image\/\"},\"sameAs\":[\"https:\/\/www.instagram.com\/deitel.direct\/\",\"https:\/\/es.linkedin.com\/company\/deitel-direct\"]}]}<\/script>\n<!-- \/ Yoast SEO plugin. -->","yoast_head_json":{"title":"P\u00e1gina de inicio - Deitel Direct","description":"Servicios de Contact Center, presenciales de informaci\u00f3n y atenci\u00f3n, BPO, Estudios de opini\u00f3nEstudios de opini\u00f3n y participaci\u00f3n ciudadana","robots":{"index":"index","follow":"follow","max-snippet":"max-snippet:-1","max-image-preview":"max-image-preview:large","max-video-preview":"max-video-preview:-1"},"canonical":"https:\/\/deiteldirect.es\/es\/","og_locale":"es_ES","og_type":"article","og_title":"P\u00e1gina de inicio - Deitel Direct","og_description":"Servicios de Contact Center, presenciales de informaci\u00f3n y atenci\u00f3n, BPO, Estudios de opini\u00f3nEstudios de opini\u00f3n y participaci\u00f3n ciudadana","og_url":"https:\/\/deiteldirect.es\/es\/","og_site_name":"Deitel Direct","article_modified_time":"2025-04-03T09:04:33+00:00","og_image":[{"width":2560,"height":1743,"url":"https:\/\/deiteldirect.es\/wp-content\/uploads\/2024\/05\/deitel-1180187740-scaled.jpg","type":"image\/jpeg"}],"twitter_card":"summary_large_image","twitter_misc":{"Tiempo de lectura":"1 minuto"},"schema":{"@context":"https:\/\/schema.org","@graph":[{"@type":"WebPage","@id":"https:\/\/deiteldirect.es\/es\/","url":"https:\/\/deiteldirect.es\/es\/","name":"P\u00e1gina de inicio - Deitel Direct","isPartOf":{"@id":"https:\/\/deiteldirect.es\/es\/#website"},"primaryImageOfPage":{"@id":"https:\/\/deiteldirect.es\/es\/#primaryimage"},"image":{"@id":"https:\/\/deiteldirect.es\/es\/#primaryimage"},"thumbnailUrl":"https:\/\/deiteldirect.es\/wp-content\/uploads\/2024\/05\/deitel-1180187740-scaled.jpg","datePublished":"2024-02-14T15:39:35+00:00","dateModified":"2025-04-03T09:04:33+00:00","description":"Servicios de Contact Center, presenciales de informaci\u00f3n y atenci\u00f3n, BPO, Estudios de opini\u00f3nEstudios de opini\u00f3n y participaci\u00f3n ciudadana","breadcrumb":{"@id":"https:\/\/deiteldirect.es\/es\/#breadcrumb"},"inLanguage":"es","potentialAction":[{"@type":"ReadAction","target":["https:\/\/deiteldirect.es\/es\/"]}]},{"@type":"ImageObject","inLanguage":"es","@id":"https:\/\/deiteldirect.es\/es\/#primaryimage","url":"https:\/\/deiteldirect.es\/wp-content\/uploads\/2024\/05\/deitel-1180187740-scaled.jpg","contentUrl":"https:\/\/deiteldirect.es\/wp-content\/uploads\/2024\/05\/deitel-1180187740-scaled.jpg"},{"@type":"BreadcrumbList","@id":"https:\/\/deiteldirect.es\/es\/#breadcrumb","itemListElement":[{"@type":"ListItem","position":1,"name":"Portada","item":"https:\/\/deiteldirect.es\/es\/"},{"@type":"ListItem","position":2,"name":"P\u00e1gina de inicio"}]},{"@type":"WebSite","@id":"https:\/\/deiteldirect.es\/es\/#website","url":"https:\/\/deiteldirect.es\/es\/","name":"Deitel Direct","description":"","publisher":{"@id":"https:\/\/deiteldirect.es\/es\/#organization"},"potentialAction":[{"@type":"SearchAction","target":{"@type":"EntryPoint","urlTemplate":"https:\/\/deiteldirect.es\/es\/?s={search_term_string}"},"query-input":{"@type":"PropertyValueSpecification","valueRequired":true,"valueName":"search_term_string"}}],"inLanguage":"es"},{"@type":"Organization","@id":"https:\/\/deiteldirect.es\/es\/#organization","name":"Deitel Direct","url":"https:\/\/deiteldirect.es\/es\/","logo":{"@type":"ImageObject","inLanguage":"es","@id":"https:\/\/deiteldirect.es\/es\/#\/schema\/logo\/image\/","url":"https:\/\/deiteldirect.es\/wp-content\/uploads\/2024\/05\/logo.png","contentUrl":"https:\/\/deiteldirect.es\/wp-content\/uploads\/2024\/05\/logo.png","width":1286,"height":1286,"caption":"Deitel Direct"},"image":{"@id":"https:\/\/deiteldirect.es\/es\/#\/schema\/logo\/image\/"},"sameAs":["https:\/\/www.instagram.com\/deitel.direct\/","https:\/\/es.linkedin.com\/company\/deitel-direct"]}]}},"_links":{"self":[{"href":"https:\/\/deiteldirect.es\/es\/wp-json\/wp\/v2\/pages\/2","targetHints":{"allow":["GET"]}}],"collection":[{"href":"https:\/\/deiteldirect.es\/es\/wp-json\/wp\/v2\/pages"}],"about":[{"href":"https:\/\/deiteldirect.es\/es\/wp-json\/wp\/v2\/types\/page"}],"author":[{"embeddable":true,"href":"https:\/\/deiteldirect.es\/es\/wp-json\/wp\/v2\/users\/1"}],"replies":[{"embeddable":true,"href":"https:\/\/deiteldirect.es\/es\/wp-json\/wp\/v2\/comments?post=2"}],"version-history":[{"count":23,"href":"https:\/\/deiteldirect.es\/es\/wp-json\/wp\/v2\/pages\/2\/revisions"}],"predecessor-version":[{"id":214,"href":"https:\/\/deiteldirect.es\/es\/wp-json\/wp\/v2\/pages\/2\/revisions\/214"}],"wp:attachment":[{"href":"https:\/\/deiteldirect.es\/es\/wp-json\/wp\/v2\/media?parent=2"}],"curies":[{"name":"wp","href":"https:\/\/api.w.org\/{rel}","templated":true}]}}